{"id":23686,"date":"2026-03-12T00:16:58","date_gmt":"2026-03-11T23:16:58","guid":{"rendered":"https:\/\/antiquariat-steinbach.com\/rarebooks\/produkt\/muenchen-trautmann-franz-muenchener-stadt-buechlein-fuer-die-jugend-ausgewaehlt-von-der-jugendschriftenvereinigung-des-b-ezirkslehrervereines-muenchen\/"},"modified":"2026-03-12T00:16:59","modified_gmt":"2026-03-11T23:16:59","slug":"muenchen-trautmann-franz-muenchener-stadt-buechlein-fuer-die-jugend-ausgewaehlt-von-der-jugendschriftenvereinigung-des-b-ezirkslehrervereines-muenchen","status":"publish","type":"product","link":"https:\/\/antiquariat-steinbach.com\/rarebooks\/produkt\/muenchen-trautmann-franz-muenchener-stadt-buechlein-fuer-die-jugend-ausgewaehlt-von-der-jugendschriftenvereinigung-des-b-ezirkslehrervereines-muenchen\/","title":{"rendered":"M\u00fcnchen &#8211;   Trautmann, Franz. &#8211;  M\u00fcnchener Stadt-B\u00fcchlein. F\u00fcr die Jugend ausgew\u00e4hlt von der Jugendschriftenvereinigung des B ezirkslehrervereines M\u00fcnchen."},"content":{"rendered":"<p>Augsburg, Huttler, ca. 1905.<\/p>\n<p>16 : 12 cm. 179 Seiten mit einige Illustrationen. Original-Halbleinenband.<\/p>\n<p>10,00 EUR<\/p>\n","protected":false},"excerpt":{"rendered":"<p>Augsburg, Huttler, ca. 1905. 16 : 12 cm. 179 Seiten mit einige Illustrationen. Original-Halbleinenband. 10,00 EUR<\/p>\n","protected":false},"featured_media":0,"template":"","meta":[],"product_brand":[],"product_cat":[73,97,60,749,748,914],"product_tag":[],"class_list":{"0":"post-23686","1":"product","2":"type-product","3":"status-publish","5":"product_cat-bayern","6":"product_cat-geschichte","7":"product_cat-kinderbuecher","8":"product_cat-muenchen-au","9":"product_cat-muenchen-stadtplaene","10":"product_cat-zvab","12":"first","13":"instock","14":"purchasable","15":"product-type-simple"},"_links":{"self":[{"href":"https:\/\/antiquariat-steinbach.com\/rarebooks\/wp-json\/wp\/v2\/product\/23686","targetHints":{"allow":["GET"]}}],"collection":[{"href":"https:\/\/antiquariat-steinbach.com\/rarebooks\/wp-json\/wp\/v2\/product"}],"about":[{"href":"https:\/\/antiquariat-steinbach.com\/rarebooks\/wp-json\/wp\/v2\/types\/product"}],"version-history":[{"count":1,"href":"https:\/\/antiquariat-steinbach.com\/rarebooks\/wp-json\/wp\/v2\/product\/23686\/revisions"}],"predecessor-version":[{"id":23687,"href":"https:\/\/antiquariat-steinbach.com\/rarebooks\/wp-json\/wp\/v2\/product\/23686\/revisions\/23687"}],"wp:attachment":[{"href":"https:\/\/antiquariat-steinbach.com\/rarebooks\/wp-json\/wp\/v2\/media?parent=23686"}],"wp:term":[{"taxonomy":"product_brand","embeddable":true,"href":"https:\/\/antiquariat-steinbach.com\/rarebooks\/wp-json\/wp\/v2\/product_brand?post=23686"},{"taxonomy":"product_cat","embeddable":true,"href":"https:\/\/antiquariat-steinbach.com\/rarebooks\/wp-json\/wp\/v2\/product_cat?post=23686"},{"taxonomy":"product_tag","embeddable":true,"href":"https:\/\/antiquariat-steinbach.com\/rarebooks\/wp-json\/wp\/v2\/product_tag?post=23686"}],"curies":[{"name":"wp","href":"https:\/\/api.w.org\/{rel}","templated":true}]}}