{"id":23684,"date":"2026-03-12T00:16:58","date_gmt":"2026-03-11T23:16:58","guid":{"rendered":"https:\/\/antiquariat-steinbach.com\/rarebooks\/produkt\/muenchen-muenchener-strassen-verzeichnis-nach-amtlichen-quellen-bearbeitet\/"},"modified":"2026-03-12T00:16:59","modified_gmt":"2026-03-11T23:16:59","slug":"muenchen-muenchener-strassen-verzeichnis-nach-amtlichen-quellen-bearbeitet","status":"publish","type":"product","link":"https:\/\/antiquariat-steinbach.com\/rarebooks\/produkt\/muenchen-muenchener-strassen-verzeichnis-nach-amtlichen-quellen-bearbeitet\/","title":{"rendered":"M\u00fcnchen &#8211;   M\u00fcnchener Stra\u00dfen-Verzeichnis. Nach amtlichen Quellen bearbeitet."},"content":{"rendered":"<p>M\u00fcnchen,  Huber, 1936.<\/p>\n<p>16,5 : 10,5 cm. 311 Seiten. Original-Leinenband.<\/p>\n<p>20,00 EUR<\/p>\n","protected":false},"excerpt":{"rendered":"<p>Einband angestaubt, Gelenke etwas br\u00fcchig.<\/p>\n","protected":false},"featured_media":0,"template":"","meta":[],"product_brand":[],"product_cat":[73,74,467,914],"product_tag":[],"class_list":{"0":"post-23684","1":"product","2":"type-product","3":"status-publish","5":"product_cat-bayern","6":"product_cat-deutschland","7":"product_cat-monacensia","8":"product_cat-zvab","10":"first","11":"instock","12":"purchasable","13":"product-type-simple"},"_links":{"self":[{"href":"https:\/\/antiquariat-steinbach.com\/rarebooks\/wp-json\/wp\/v2\/product\/23684","targetHints":{"allow":["GET"]}}],"collection":[{"href":"https:\/\/antiquariat-steinbach.com\/rarebooks\/wp-json\/wp\/v2\/product"}],"about":[{"href":"https:\/\/antiquariat-steinbach.com\/rarebooks\/wp-json\/wp\/v2\/types\/product"}],"version-history":[{"count":1,"href":"https:\/\/antiquariat-steinbach.com\/rarebooks\/wp-json\/wp\/v2\/product\/23684\/revisions"}],"predecessor-version":[{"id":23685,"href":"https:\/\/antiquariat-steinbach.com\/rarebooks\/wp-json\/wp\/v2\/product\/23684\/revisions\/23685"}],"wp:attachment":[{"href":"https:\/\/antiquariat-steinbach.com\/rarebooks\/wp-json\/wp\/v2\/media?parent=23684"}],"wp:term":[{"taxonomy":"product_brand","embeddable":true,"href":"https:\/\/antiquariat-steinbach.com\/rarebooks\/wp-json\/wp\/v2\/product_brand?post=23684"},{"taxonomy":"product_cat","embeddable":true,"href":"https:\/\/antiquariat-steinbach.com\/rarebooks\/wp-json\/wp\/v2\/product_cat?post=23684"},{"taxonomy":"product_tag","embeddable":true,"href":"https:\/\/antiquariat-steinbach.com\/rarebooks\/wp-json\/wp\/v2\/product_tag?post=23684"}],"curies":[{"name":"wp","href":"https:\/\/api.w.org\/{rel}","templated":true}]}}