{"id":23679,"date":"2026-03-12T00:16:58","date_gmt":"2026-03-11T23:16:58","guid":{"rendered":"https:\/\/antiquariat-steinbach.com\/rarebooks\/produkt\/muenchen-mueller-heiner-6-szenenphotos-zu-germania-tod-in-berlin-der-urauffuehrung-in-muenchen\/"},"modified":"2026-03-12T00:16:58","modified_gmt":"2026-03-11T23:16:58","slug":"muenchen-mueller-heiner-6-szenenphotos-zu-germania-tod-in-berlin-der-urauffuehrung-in-muenchen","status":"publish","type":"product","link":"https:\/\/antiquariat-steinbach.com\/rarebooks\/produkt\/muenchen-mueller-heiner-6-szenenphotos-zu-germania-tod-in-berlin-der-urauffuehrung-in-muenchen\/","title":{"rendered":"M\u00fcnchen &#8211;   M\u00fcller, Heiner. &#8211;  6 Szenenphotos zu &#8218;Germania Tod in Berlin&#8216; der Urauff\u00fchrung in M\u00fcnchen"},"content":{"rendered":"<p>M\u00fcnchen, 1978<\/p>\n<p>25 : 18 cm. 6 Photographien mit begleitendem Text.<\/p>\n<p>20,00 EUR<\/p>\n","protected":false},"excerpt":{"rendered":"<p>Beiliegen: 3 Photos der Neuen Pinakothek in M\u00fcnchen Oskar Schlemmer, Constantin Meuniere und  Adolf Menzel.<\/p>\n","protected":false},"featured_media":23681,"template":"","meta":[],"product_brand":[],"product_cat":[73,30,106,145,914],"product_tag":[],"class_list":{"0":"post-23679","1":"product","2":"type-product","3":"status-publish","4":"has-post-thumbnail","6":"product_cat-bayern","7":"product_cat-malerei","8":"product_cat-photographie","9":"product_cat-theater","10":"product_cat-zvab","12":"first","13":"instock","14":"purchasable","15":"product-type-simple"},"_links":{"self":[{"href":"https:\/\/antiquariat-steinbach.com\/rarebooks\/wp-json\/wp\/v2\/product\/23679","targetHints":{"allow":["GET"]}}],"collection":[{"href":"https:\/\/antiquariat-steinbach.com\/rarebooks\/wp-json\/wp\/v2\/product"}],"about":[{"href":"https:\/\/antiquariat-steinbach.com\/rarebooks\/wp-json\/wp\/v2\/types\/product"}],"version-history":[{"count":1,"href":"https:\/\/antiquariat-steinbach.com\/rarebooks\/wp-json\/wp\/v2\/product\/23679\/revisions"}],"predecessor-version":[{"id":23680,"href":"https:\/\/antiquariat-steinbach.com\/rarebooks\/wp-json\/wp\/v2\/product\/23679\/revisions\/23680"}],"wp:featuredmedia":[{"embeddable":true,"href":"https:\/\/antiquariat-steinbach.com\/rarebooks\/wp-json\/wp\/v2\/media\/23681"}],"wp:attachment":[{"href":"https:\/\/antiquariat-steinbach.com\/rarebooks\/wp-json\/wp\/v2\/media?parent=23679"}],"wp:term":[{"taxonomy":"product_brand","embeddable":true,"href":"https:\/\/antiquariat-steinbach.com\/rarebooks\/wp-json\/wp\/v2\/product_brand?post=23679"},{"taxonomy":"product_cat","embeddable":true,"href":"https:\/\/antiquariat-steinbach.com\/rarebooks\/wp-json\/wp\/v2\/product_cat?post=23679"},{"taxonomy":"product_tag","embeddable":true,"href":"https:\/\/antiquariat-steinbach.com\/rarebooks\/wp-json\/wp\/v2\/product_tag?post=23679"}],"curies":[{"name":"wp","href":"https:\/\/api.w.org\/{rel}","templated":true}]}}