{"id":23677,"date":"2026-03-12T00:16:58","date_gmt":"2026-03-11T23:16:58","guid":{"rendered":"https:\/\/antiquariat-steinbach.com\/rarebooks\/produkt\/muenchen-lill-georg-um-bayerns-kulturbauten-zerstaerung-und-wiederaufbau\/"},"modified":"2026-03-12T00:16:58","modified_gmt":"2026-03-11T23:16:58","slug":"muenchen-lill-georg-um-bayerns-kulturbauten-zerstaerung-und-wiederaufbau","status":"publish","type":"product","link":"https:\/\/antiquariat-steinbach.com\/rarebooks\/produkt\/muenchen-lill-georg-um-bayerns-kulturbauten-zerstaerung-und-wiederaufbau\/","title":{"rendered":"M\u00fcnchen &#8211;   Lill, Georg. &#8211;  Um Bayerns Kulturbauten. Zerst\u00e4rung und Wiederaufbau."},"content":{"rendered":"<p>M\u00fcnchen, Drei fichten, 1946.<\/p>\n<p>2. Auflage. 21 : 15 cm.<\/p>\n<p>15,00 EUR<\/p>\n","protected":false},"excerpt":{"rendered":"<p>Geistiges M\u00fcnchen, Heft 2.<\/p>\n","protected":false},"featured_media":0,"template":"","meta":[],"product_brand":[],"product_cat":[116,59,467,914],"product_tag":[],"class_list":{"0":"post-23677","1":"product","2":"type-product","3":"status-publish","5":"product_cat-bavarica","6":"product_cat-kulturgeschichte","7":"product_cat-monacensia","8":"product_cat-zvab","10":"first","11":"instock","12":"purchasable","13":"product-type-simple"},"_links":{"self":[{"href":"https:\/\/antiquariat-steinbach.com\/rarebooks\/wp-json\/wp\/v2\/product\/23677","targetHints":{"allow":["GET"]}}],"collection":[{"href":"https:\/\/antiquariat-steinbach.com\/rarebooks\/wp-json\/wp\/v2\/product"}],"about":[{"href":"https:\/\/antiquariat-steinbach.com\/rarebooks\/wp-json\/wp\/v2\/types\/product"}],"version-history":[{"count":1,"href":"https:\/\/antiquariat-steinbach.com\/rarebooks\/wp-json\/wp\/v2\/product\/23677\/revisions"}],"predecessor-version":[{"id":23678,"href":"https:\/\/antiquariat-steinbach.com\/rarebooks\/wp-json\/wp\/v2\/product\/23677\/revisions\/23678"}],"wp:attachment":[{"href":"https:\/\/antiquariat-steinbach.com\/rarebooks\/wp-json\/wp\/v2\/media?parent=23677"}],"wp:term":[{"taxonomy":"product_brand","embeddable":true,"href":"https:\/\/antiquariat-steinbach.com\/rarebooks\/wp-json\/wp\/v2\/product_brand?post=23677"},{"taxonomy":"product_cat","embeddable":true,"href":"https:\/\/antiquariat-steinbach.com\/rarebooks\/wp-json\/wp\/v2\/product_cat?post=23677"},{"taxonomy":"product_tag","embeddable":true,"href":"https:\/\/antiquariat-steinbach.com\/rarebooks\/wp-json\/wp\/v2\/product_tag?post=23677"}],"curies":[{"name":"wp","href":"https:\/\/api.w.org\/{rel}","templated":true}]}}