{"id":23657,"date":"2026-03-12T00:16:21","date_gmt":"2026-03-11T23:16:21","guid":{"rendered":"https:\/\/antiquariat-steinbach.com\/rarebooks\/produkt\/mathematik-handschrift-wenger-johann-anfang-und-fortsetzung-der-kaufmaenischen-rechenkunst-in-augsburg-1804-zusammengetragen-von-johann-wenger-angefangen-den-11\/"},"modified":"2026-03-12T00:16:22","modified_gmt":"2026-03-11T23:16:22","slug":"mathematik-handschrift-wenger-johann-anfang-und-fortsetzung-der-kaufmaenischen-rechenkunst-in-augsburg-1804-zusammengetragen-von-johann-wenger-angefangen-den-11","status":"publish","type":"product","link":"https:\/\/antiquariat-steinbach.com\/rarebooks\/produkt\/mathematik-handschrift-wenger-johann-anfang-und-fortsetzung-der-kaufmaenischen-rechenkunst-in-augsburg-1804-zusammengetragen-von-johann-wenger-angefangen-den-11\/","title":{"rendered":"Mathematik &#8211; Handschrift &#8211;   Wenger, Johann: &#8211;  Anfang und Fortsetzung der Kaufmaenischen Rechenkunst in Augsburg 1804 zusammengetragen von Johann Wenger angefangen den 11."},"content":{"rendered":"<p>(Augsburg, 1804).<\/p>\n<p>23 : 18 cm. Titel, numerierte Blatt 1-62 (63-68 \u00fcbersprungen), 69-84, 3 unn. beschriebene Blatt, 2 w. Blatt Halblederband der Zeit mit Papiertitelschildchen auf dem Vorderdeckel.<\/p>\n<p>750,00 EUR<\/p>\n","protected":false},"excerpt":{"rendered":"<p>Ausf\u00fchrliches kaufm\u00e4nnisches Rechenbuch des Johann Nepomuk von Wenger, Edl. v. Wiesenburg, B\u00fcrgermeister von Augsburg. Beginnt mit dem &#8222;Vortheile der Multiplication&#8220; und behandelt besonders die &#8222;M\u00fcnz-Sorten-Rechnung&#8220;, &#8222;Gold und Silber Rechnungen&#8220; und Wechselrechnungen \u00fcber alle Pl\u00e4tze nach alphabetischer Ordnung: Amsterdam, Antwerpen, Basel, Berlin, Bozen, Bremen, Constantinopel, Florenz, Frankfurt, Hamburg, Lissabon, Rom, St. Peterburg, Wien etc. Ferner Wechsel-Comissionen, verschiedene Frachten. Die Ausf\u00fchrungen zeigen die mannigfaltigen und wichtigen Gesch\u00e4ftsverbindungen der Stadt Augsburg auf. &#8211; Beiliegen: 8 Blatt mit Rechenbeispielen von alter Hand und Gedicht auf den Namenstag von Joh. Wenger. Dieses in Buntpapierumschlag. &#8211; Einband etwas berieben.<\/p>\n","protected":false},"featured_media":23659,"template":"","meta":[],"product_brand":[],"product_cat":[73,74,147,67,971,91,914],"product_tag":[],"class_list":{"0":"post-23657","1":"product","2":"type-product","3":"status-publish","4":"has-post-thumbnail","6":"product_cat-bayern","7":"product_cat-deutschland","8":"product_cat-manuskripte","9":"product_cat-mathematik","10":"product_cat-rechenbuch-des-buergermeisters-von-augsburg","11":"product_cat-wirtschaft","12":"product_cat-zvab","14":"first","15":"instock","16":"purchasable","17":"product-type-simple"},"_links":{"self":[{"href":"https:\/\/antiquariat-steinbach.com\/rarebooks\/wp-json\/wp\/v2\/product\/23657","targetHints":{"allow":["GET"]}}],"collection":[{"href":"https:\/\/antiquariat-steinbach.com\/rarebooks\/wp-json\/wp\/v2\/product"}],"about":[{"href":"https:\/\/antiquariat-steinbach.com\/rarebooks\/wp-json\/wp\/v2\/types\/product"}],"version-history":[{"count":1,"href":"https:\/\/antiquariat-steinbach.com\/rarebooks\/wp-json\/wp\/v2\/product\/23657\/revisions"}],"predecessor-version":[{"id":23658,"href":"https:\/\/antiquariat-steinbach.com\/rarebooks\/wp-json\/wp\/v2\/product\/23657\/revisions\/23658"}],"wp:featuredmedia":[{"embeddable":true,"href":"https:\/\/antiquariat-steinbach.com\/rarebooks\/wp-json\/wp\/v2\/media\/23659"}],"wp:attachment":[{"href":"https:\/\/antiquariat-steinbach.com\/rarebooks\/wp-json\/wp\/v2\/media?parent=23657"}],"wp:term":[{"taxonomy":"product_brand","embeddable":true,"href":"https:\/\/antiquariat-steinbach.com\/rarebooks\/wp-json\/wp\/v2\/product_brand?post=23657"},{"taxonomy":"product_cat","embeddable":true,"href":"https:\/\/antiquariat-steinbach.com\/rarebooks\/wp-json\/wp\/v2\/product_cat?post=23657"},{"taxonomy":"product_tag","embeddable":true,"href":"https:\/\/antiquariat-steinbach.com\/rarebooks\/wp-json\/wp\/v2\/product_tag?post=23657"}],"curies":[{"name":"wp","href":"https:\/\/api.w.org\/{rel}","templated":true}]}}