{"id":23627,"date":"2026-03-12T00:12:20","date_gmt":"2026-03-11T23:12:20","guid":{"rendered":"https:\/\/antiquariat-steinbach.com\/rarebooks\/produkt\/kaefer-sammlung-von-24-zeichnungen-von-verschiedenen-kaefern\/"},"modified":"2026-03-12T00:12:22","modified_gmt":"2026-03-11T23:12:22","slug":"kaefer-sammlung-von-24-zeichnungen-von-verschiedenen-kaefern","status":"publish","type":"product","link":"https:\/\/antiquariat-steinbach.com\/rarebooks\/produkt\/kaefer-sammlung-von-24-zeichnungen-von-verschiedenen-kaefern\/","title":{"rendered":"K\u00e4fer: &#8211;  Sammlung von 24 Zeichnungen von verschiedenen K\u00e4fern."},"content":{"rendered":"<p>o.J. (ca. 1950).<\/p>\n<p>12,5 \u00a0 10 cm. 24 farbig aquarellierte Zeichnungen, monogrammiert HS und bezeichnet. Auf Karton montiert.<\/p>\n<p>450,00 EUR<\/p>\n","protected":false},"excerpt":{"rendered":"<p>\u00c4u\u00dferst detailgetreue und dekorative Sammlung von Zeichnungen von verschiedenen K\u00e4fern wie Hirschk\u00e4fer, Kartoffelk\u00e4fer, Nashornk\u00e4fer, Mistk\u00e4fer, Gl\u00fcw\u00fcrmchen etc. Meist zwei K\u00e4fer auf einem Blatt, teils mit den Larven dargestellt. Alle Zeichnungen mit HS monogrammiert und in Bleistift bezeichnet. Verso teils mit Anmerkung f\u00fcr den K\u00fcnstler. Wohl Vorlagen f\u00fcr ein geplantes Buch<\/p>\n","protected":false},"featured_media":23629,"template":"","meta":[],"product_brand":[],"product_cat":[970,154,98,914],"product_tag":[],"class_list":{"0":"post-23627","1":"product","2":"type-product","3":"status-publish","4":"has-post-thumbnail","6":"product_cat-enthomologie","7":"product_cat-zeichnungen","8":"product_cat-zoologie","9":"product_cat-zvab","11":"first","12":"instock","13":"purchasable","14":"product-type-simple"},"_links":{"self":[{"href":"https:\/\/antiquariat-steinbach.com\/rarebooks\/wp-json\/wp\/v2\/product\/23627","targetHints":{"allow":["GET"]}}],"collection":[{"href":"https:\/\/antiquariat-steinbach.com\/rarebooks\/wp-json\/wp\/v2\/product"}],"about":[{"href":"https:\/\/antiquariat-steinbach.com\/rarebooks\/wp-json\/wp\/v2\/types\/product"}],"version-history":[{"count":1,"href":"https:\/\/antiquariat-steinbach.com\/rarebooks\/wp-json\/wp\/v2\/product\/23627\/revisions"}],"predecessor-version":[{"id":23628,"href":"https:\/\/antiquariat-steinbach.com\/rarebooks\/wp-json\/wp\/v2\/product\/23627\/revisions\/23628"}],"wp:featuredmedia":[{"embeddable":true,"href":"https:\/\/antiquariat-steinbach.com\/rarebooks\/wp-json\/wp\/v2\/media\/23629"}],"wp:attachment":[{"href":"https:\/\/antiquariat-steinbach.com\/rarebooks\/wp-json\/wp\/v2\/media?parent=23627"}],"wp:term":[{"taxonomy":"product_brand","embeddable":true,"href":"https:\/\/antiquariat-steinbach.com\/rarebooks\/wp-json\/wp\/v2\/product_brand?post=23627"},{"taxonomy":"product_cat","embeddable":true,"href":"https:\/\/antiquariat-steinbach.com\/rarebooks\/wp-json\/wp\/v2\/product_cat?post=23627"},{"taxonomy":"product_tag","embeddable":true,"href":"https:\/\/antiquariat-steinbach.com\/rarebooks\/wp-json\/wp\/v2\/product_tag?post=23627"}],"curies":[{"name":"wp","href":"https:\/\/api.w.org\/{rel}","templated":true}]}}