{"id":2361,"date":"2026-03-12T00:06:05","date_gmt":"2026-03-11T23:06:05","guid":{"rendered":"http:\/\/antiquariat-steinbach.com\/rarebooks\/produkt\/die-ingluecksfaelle-der-unsterblichen\/"},"modified":"2026-03-12T00:06:06","modified_gmt":"2026-03-11T23:06:06","slug":"ernst-eluard-paul-die-ingluecksfaelle-der-unsterblichen","status":"publish","type":"product","link":"https:\/\/antiquariat-steinbach.com\/rarebooks\/produkt\/ernst-eluard-paul-die-ingluecksfaelle-der-unsterblichen\/","title":{"rendered":"Ernst &#8211;   Eluard, Paul. &#8211;  Die Ingl\u00fccksf\u00e4lle der Unsterblichen."},"content":{"rendered":"<p>K\u00f6ln, Galerie Der Spiegel, 1971.<\/p>\n<p>19 : 12 cm. Mit 21 Abbildungen nach Collagen von Max Ernst. Original Broschur.<\/p>\n<p>25,00 EUR<\/p>\n","protected":false},"excerpt":{"rendered":"<p>Verkleinerte Neuausgabe der Ausgabe von 1960. ebenfalls in der Galerie Der Spiegel erschienen. &#8211; Spiegelschrift 7.<\/p>\n","protected":false},"featured_media":14441,"template":"","meta":[],"product_brand":[],"product_cat":[29,492,43,32,437,335,914],"product_tag":[],"class_list":{"0":"post-2361","1":"product","2":"type-product","3":"status-publish","4":"has-post-thumbnail","6":"product_cat-20-jahrhundert","7":"product_cat-ernst","8":"product_cat-illustrierte-buecher","9":"product_cat-literatur","10":"product_cat-max","11":"product_cat-surrealismus","12":"product_cat-zvab","14":"first","15":"instock","16":"purchasable","17":"product-type-simple"},"_links":{"self":[{"href":"https:\/\/antiquariat-steinbach.com\/rarebooks\/wp-json\/wp\/v2\/product\/2361","targetHints":{"allow":["GET"]}}],"collection":[{"href":"https:\/\/antiquariat-steinbach.com\/rarebooks\/wp-json\/wp\/v2\/product"}],"about":[{"href":"https:\/\/antiquariat-steinbach.com\/rarebooks\/wp-json\/wp\/v2\/types\/product"}],"version-history":[{"count":3,"href":"https:\/\/antiquariat-steinbach.com\/rarebooks\/wp-json\/wp\/v2\/product\/2361\/revisions"}],"predecessor-version":[{"id":19217,"href":"https:\/\/antiquariat-steinbach.com\/rarebooks\/wp-json\/wp\/v2\/product\/2361\/revisions\/19217"}],"wp:featuredmedia":[{"embeddable":true,"href":"https:\/\/antiquariat-steinbach.com\/rarebooks\/wp-json\/wp\/v2\/media\/14441"}],"wp:attachment":[{"href":"https:\/\/antiquariat-steinbach.com\/rarebooks\/wp-json\/wp\/v2\/media?parent=2361"}],"wp:term":[{"taxonomy":"product_brand","embeddable":true,"href":"https:\/\/antiquariat-steinbach.com\/rarebooks\/wp-json\/wp\/v2\/product_brand?post=2361"},{"taxonomy":"product_cat","embeddable":true,"href":"https:\/\/antiquariat-steinbach.com\/rarebooks\/wp-json\/wp\/v2\/product_cat?post=2361"},{"taxonomy":"product_tag","embeddable":true,"href":"https:\/\/antiquariat-steinbach.com\/rarebooks\/wp-json\/wp\/v2\/product_tag?post=2361"}],"curies":[{"name":"wp","href":"https:\/\/api.w.org\/{rel}","templated":true}]}}