{"id":23597,"date":"2026-03-12T00:08:19","date_gmt":"2026-03-11T23:08:19","guid":{"rendered":"https:\/\/antiquariat-steinbach.com\/rarebooks\/produkt\/goethe-eckermann-johann-peter-gespraeche-mit-goethe-in-den-letztn-jahren-seines-lebens-1823-1832\/"},"modified":"2026-03-12T00:08:20","modified_gmt":"2026-03-11T23:08:20","slug":"goethe-eckermann-johann-peter-gespraeche-mit-goethe-in-den-letztn-jahren-seines-lebens-1823-1832","status":"publish","type":"product","link":"https:\/\/antiquariat-steinbach.com\/rarebooks\/produkt\/goethe-eckermann-johann-peter-gespraeche-mit-goethe-in-den-letztn-jahren-seines-lebens-1823-1832\/","title":{"rendered":"Goethe &#8211;   Eckermann, Johann Peter. &#8211;  Gespr\u00e4che mit Goethe in den letztn Jahren seines Lebens 1823 &#8211; 1832."},"content":{"rendered":"<p>Leipzig und Magdeburg, Brockhaus bzw. Heinrichshofen, 1837 &#8211; 1848.<\/p>\n<p>Zweyte, mit einem Register versehene Ausgabe 3 B\u00e4nde. 18 : 12 cm. XIV, 386; 380; XVI, 375 Seiten. Halblederb\u00e4nde der Zeit mit R\u00fcckenvergoldung<\/p>\n<p>280,00 EUR<\/p>\n","protected":false},"excerpt":{"rendered":"<p>Band 1 und 2 in 2ter Auflage, Band 3 in erster Ausgabe. &#8211; Sch\u00f6nes Exemplar. &#8211; Goed. IV\/II501, 297 a &#8211; b.<\/p>\n","protected":false},"featured_media":23599,"template":"","meta":[],"product_brand":[],"product_cat":[74,304,32,914],"product_tag":[],"class_list":{"0":"post-23597","1":"product","2":"type-product","3":"status-publish","4":"has-post-thumbnail","6":"product_cat-deutschland","7":"product_cat-goethe","8":"product_cat-literatur","9":"product_cat-zvab","11":"first","12":"instock","13":"purchasable","14":"product-type-simple"},"_links":{"self":[{"href":"https:\/\/antiquariat-steinbach.com\/rarebooks\/wp-json\/wp\/v2\/product\/23597","targetHints":{"allow":["GET"]}}],"collection":[{"href":"https:\/\/antiquariat-steinbach.com\/rarebooks\/wp-json\/wp\/v2\/product"}],"about":[{"href":"https:\/\/antiquariat-steinbach.com\/rarebooks\/wp-json\/wp\/v2\/types\/product"}],"version-history":[{"count":1,"href":"https:\/\/antiquariat-steinbach.com\/rarebooks\/wp-json\/wp\/v2\/product\/23597\/revisions"}],"predecessor-version":[{"id":23598,"href":"https:\/\/antiquariat-steinbach.com\/rarebooks\/wp-json\/wp\/v2\/product\/23597\/revisions\/23598"}],"wp:featuredmedia":[{"embeddable":true,"href":"https:\/\/antiquariat-steinbach.com\/rarebooks\/wp-json\/wp\/v2\/media\/23599"}],"wp:attachment":[{"href":"https:\/\/antiquariat-steinbach.com\/rarebooks\/wp-json\/wp\/v2\/media?parent=23597"}],"wp:term":[{"taxonomy":"product_brand","embeddable":true,"href":"https:\/\/antiquariat-steinbach.com\/rarebooks\/wp-json\/wp\/v2\/product_brand?post=23597"},{"taxonomy":"product_cat","embeddable":true,"href":"https:\/\/antiquariat-steinbach.com\/rarebooks\/wp-json\/wp\/v2\/product_cat?post=23597"},{"taxonomy":"product_tag","embeddable":true,"href":"https:\/\/antiquariat-steinbach.com\/rarebooks\/wp-json\/wp\/v2\/product_tag?post=23597"}],"curies":[{"name":"wp","href":"https:\/\/api.w.org\/{rel}","templated":true}]}}