{"id":23585,"date":"2026-03-12T00:08:09","date_gmt":"2026-03-11T23:08:09","guid":{"rendered":"https:\/\/antiquariat-steinbach.com\/rarebooks\/produkt\/geiger-willi-corrida-de-toros\/"},"modified":"2026-03-12T00:08:10","modified_gmt":"2026-03-11T23:08:10","slug":"geiger-willi-corrida-de-toros","status":"publish","type":"product","link":"https:\/\/antiquariat-steinbach.com\/rarebooks\/produkt\/geiger-willi-corrida-de-toros\/","title":{"rendered":"Geiger, Willi: &#8211;  Corrida de Toros."},"content":{"rendered":"<p>M\u00fcnchen, Verlagsanstalt D.&#038; R.Bischoff 1923.<\/p>\n<p>33,5 : 24,5 cm. 2 Blatt, 21 signierten Original-Radierungen von Willi Geiger. Original-Ganzpergament-Mappe mit in den Vorderdeckel eingelegter Original-Kupferplatte, Deckelfileten und R\u00fcckentitel in Gold, Kassette, sign. Enders.<\/p>\n<p>5000,00 EUR<\/p>\n","protected":false},"excerpt":{"rendered":"<p>Eines von nur 21 Exemplaren der Vorzugsausgabe A auf Shidzuka Japan. &#8211; Alle Exemplare dieser Vorzugsausgabe von gro\u00dfer Seltenheit und jedes (so auch unseres) durch die beigegebene Original-Radierungsplatte (hier die Platte zu Radierung Nr. 5) ein Unikat. Alle Blatt vom K\u00fcnstler signiert. Sehr eindrucksvolle Bl\u00e4tter, die erkennen lassen, da\u00df sich der K\u00fcnstler sehr eingehend mit dem Stierkampf besch\u00e4ftitgt hat. Der &#8222;Stierkampf&#8220; geh\u00f6rt zu den wichtigsten und eindrucksvollsten Graphikfolgen des K\u00fcnstlers. &#8211; Sehr sch\u00f6nes und tadellos erhaltenes Exemplar, nur der Vorderdeckel mir wenigen Fleckchen. &#8211; Vgl. Thieme\/B. XIII, 346 (1912).<\/p>\n","protected":false},"featured_media":23587,"template":"","meta":[],"product_brand":[],"product_cat":[29,43,148,551,914],"product_tag":[],"class_list":{"0":"post-23585","1":"product","2":"type-product","3":"status-publish","4":"has-post-thumbnail","6":"product_cat-20-jahrhundert","7":"product_cat-illustrierte-buecher","8":"product_cat-spanien","9":"product_cat-unikat-mit-original-radierungsplatte","10":"product_cat-zvab","12":"first","13":"instock","14":"purchasable","15":"product-type-simple"},"_links":{"self":[{"href":"https:\/\/antiquariat-steinbach.com\/rarebooks\/wp-json\/wp\/v2\/product\/23585","targetHints":{"allow":["GET"]}}],"collection":[{"href":"https:\/\/antiquariat-steinbach.com\/rarebooks\/wp-json\/wp\/v2\/product"}],"about":[{"href":"https:\/\/antiquariat-steinbach.com\/rarebooks\/wp-json\/wp\/v2\/types\/product"}],"version-history":[{"count":1,"href":"https:\/\/antiquariat-steinbach.com\/rarebooks\/wp-json\/wp\/v2\/product\/23585\/revisions"}],"predecessor-version":[{"id":23586,"href":"https:\/\/antiquariat-steinbach.com\/rarebooks\/wp-json\/wp\/v2\/product\/23585\/revisions\/23586"}],"wp:featuredmedia":[{"embeddable":true,"href":"https:\/\/antiquariat-steinbach.com\/rarebooks\/wp-json\/wp\/v2\/media\/23587"}],"wp:attachment":[{"href":"https:\/\/antiquariat-steinbach.com\/rarebooks\/wp-json\/wp\/v2\/media?parent=23585"}],"wp:term":[{"taxonomy":"product_brand","embeddable":true,"href":"https:\/\/antiquariat-steinbach.com\/rarebooks\/wp-json\/wp\/v2\/product_brand?post=23585"},{"taxonomy":"product_cat","embeddable":true,"href":"https:\/\/antiquariat-steinbach.com\/rarebooks\/wp-json\/wp\/v2\/product_cat?post=23585"},{"taxonomy":"product_tag","embeddable":true,"href":"https:\/\/antiquariat-steinbach.com\/rarebooks\/wp-json\/wp\/v2\/product_tag?post=23585"}],"curies":[{"name":"wp","href":"https:\/\/api.w.org\/{rel}","templated":true}]}}