{"id":23581,"date":"2026-03-12T00:08:02","date_gmt":"2026-03-11T23:08:02","guid":{"rendered":"https:\/\/antiquariat-steinbach.com\/rarebooks\/produkt\/gastronomie-rumohr-karl-friedrich-von-geist-der-kochkunst\/"},"modified":"2026-03-12T00:08:03","modified_gmt":"2026-03-11T23:08:03","slug":"gastronomie-rumohr-karl-friedrich-von-geist-der-kochkunst","status":"publish","type":"product","link":"https:\/\/antiquariat-steinbach.com\/rarebooks\/produkt\/gastronomie-rumohr-karl-friedrich-von-geist-der-kochkunst\/","title":{"rendered":"Gastronomie &#8211;   Rumohr, Karl Friedrich von: &#8211;  Geist der Kochkunst."},"content":{"rendered":"<p>M\u00fcnchen, Georg M\u00fcller 1922.<\/p>\n<p>19 : 12,5 cm. Portrait, XL, 360 Seiten, 1 Blatt. Roter Original-Halblederband mit reicher R\u00fcckenvergoldung.<\/p>\n<p>80,00 EUR<\/p>\n","protected":false},"excerpt":{"rendered":"<p>Erste Ausgabe. &#8211; Nachdruck des Georg M\u00fcller Verlages des erstmals 1822 erschienenen wichtigen deutschen Werkes \u00fcber die Kochkunst. Mit einer Einleitung von Karl Georg Maassen. &#8211; Gastrosophische B\u00fccherei. &#8211; Oberes Kapital minimal berieben, sonst sch\u00f6nes Exemplar. &#8211; Horn 569.<\/p>\n","protected":false},"featured_media":23582,"template":"","meta":[],"product_brand":[],"product_cat":[58,112,59,914],"product_tag":[],"class_list":{"0":"post-23581","1":"product","2":"type-product","3":"status-publish","4":"has-post-thumbnail","6":"product_cat-gastronomie","7":"product_cat-kochbuecher","8":"product_cat-kulturgeschichte","9":"product_cat-zvab","11":"first","12":"instock","13":"purchasable","14":"product-type-simple"},"_links":{"self":[{"href":"https:\/\/antiquariat-steinbach.com\/rarebooks\/wp-json\/wp\/v2\/product\/23581","targetHints":{"allow":["GET"]}}],"collection":[{"href":"https:\/\/antiquariat-steinbach.com\/rarebooks\/wp-json\/wp\/v2\/product"}],"about":[{"href":"https:\/\/antiquariat-steinbach.com\/rarebooks\/wp-json\/wp\/v2\/types\/product"}],"version-history":[{"count":1,"href":"https:\/\/antiquariat-steinbach.com\/rarebooks\/wp-json\/wp\/v2\/product\/23581\/revisions"}],"predecessor-version":[{"id":23854,"href":"https:\/\/antiquariat-steinbach.com\/rarebooks\/wp-json\/wp\/v2\/product\/23581\/revisions\/23854"}],"wp:featuredmedia":[{"embeddable":true,"href":"https:\/\/antiquariat-steinbach.com\/rarebooks\/wp-json\/wp\/v2\/media\/23582"}],"wp:attachment":[{"href":"https:\/\/antiquariat-steinbach.com\/rarebooks\/wp-json\/wp\/v2\/media?parent=23581"}],"wp:term":[{"taxonomy":"product_brand","embeddable":true,"href":"https:\/\/antiquariat-steinbach.com\/rarebooks\/wp-json\/wp\/v2\/product_brand?post=23581"},{"taxonomy":"product_cat","embeddable":true,"href":"https:\/\/antiquariat-steinbach.com\/rarebooks\/wp-json\/wp\/v2\/product_cat?post=23581"},{"taxonomy":"product_tag","embeddable":true,"href":"https:\/\/antiquariat-steinbach.com\/rarebooks\/wp-json\/wp\/v2\/product_tag?post=23581"}],"curies":[{"name":"wp","href":"https:\/\/api.w.org\/{rel}","templated":true}]}}