{"id":2341,"date":"2026-03-12T00:06:03","date_gmt":"2026-03-11T23:06:03","guid":{"rendered":"http:\/\/antiquariat-steinbach.com\/rarebooks\/produkt\/klumpen-traurigmann\/"},"modified":"2026-03-12T00:06:04","modified_gmt":"2026-03-11T23:06:04","slug":"eremiten-presse-fromann-h-klumpen-traurigmann","status":"publish","type":"product","link":"https:\/\/antiquariat-steinbach.com\/rarebooks\/produkt\/eremiten-presse-fromann-h-klumpen-traurigmann\/","title":{"rendered":"Eremiten-Presse &#8211;   Fromann, H: &#8211;  Klumpen Traurigmann."},"content":{"rendered":"<p>Stierstadt, Eremiten-Presse 1964.<\/p>\n<p>24 : 17 cm. 57 Seiten mit 4 Original-Radierungen von G. Rohde. Farbig illustrierter Original-Umschlag.<\/p>\n<p>120,00 EUR<\/p>\n","protected":false},"excerpt":{"rendered":"<p>Eines von 250 numerierten Exemplaren. Druckvermerk von der Verfasserin und vom K\u00fcnstler signiert. Mit h\u00fcbschen Original-Radierungen des auslaufenden Informel von G. Rohde. &#8211; Passg\u00e4nge Band V. Als Blockbuch gebunden. &#8211; Spindler 1.222.<\/p>\n","protected":false},"featured_media":14436,"template":"","meta":[],"product_brand":[],"product_cat":[29,43,489,914],"product_tag":[],"class_list":{"0":"post-2341","1":"product","2":"type-product","3":"status-publish","4":"has-post-thumbnail","6":"product_cat-20-jahrhundert","7":"product_cat-illustrierte-buecher","8":"product_cat-informel","9":"product_cat-zvab","11":"first","12":"instock","13":"purchasable","14":"product-type-simple"},"_links":{"self":[{"href":"https:\/\/antiquariat-steinbach.com\/rarebooks\/wp-json\/wp\/v2\/product\/2341","targetHints":{"allow":["GET"]}}],"collection":[{"href":"https:\/\/antiquariat-steinbach.com\/rarebooks\/wp-json\/wp\/v2\/product"}],"about":[{"href":"https:\/\/antiquariat-steinbach.com\/rarebooks\/wp-json\/wp\/v2\/types\/product"}],"version-history":[{"count":3,"href":"https:\/\/antiquariat-steinbach.com\/rarebooks\/wp-json\/wp\/v2\/product\/2341\/revisions"}],"predecessor-version":[{"id":19209,"href":"https:\/\/antiquariat-steinbach.com\/rarebooks\/wp-json\/wp\/v2\/product\/2341\/revisions\/19209"}],"wp:featuredmedia":[{"embeddable":true,"href":"https:\/\/antiquariat-steinbach.com\/rarebooks\/wp-json\/wp\/v2\/media\/14436"}],"wp:attachment":[{"href":"https:\/\/antiquariat-steinbach.com\/rarebooks\/wp-json\/wp\/v2\/media?parent=2341"}],"wp:term":[{"taxonomy":"product_brand","embeddable":true,"href":"https:\/\/antiquariat-steinbach.com\/rarebooks\/wp-json\/wp\/v2\/product_brand?post=2341"},{"taxonomy":"product_cat","embeddable":true,"href":"https:\/\/antiquariat-steinbach.com\/rarebooks\/wp-json\/wp\/v2\/product_cat?post=2341"},{"taxonomy":"product_tag","embeddable":true,"href":"https:\/\/antiquariat-steinbach.com\/rarebooks\/wp-json\/wp\/v2\/product_tag?post=2341"}],"curies":[{"name":"wp","href":"https:\/\/api.w.org\/{rel}","templated":true}]}}