{"id":2337,"date":"2026-03-12T00:06:03","date_gmt":"2026-03-11T23:06:03","guid":{"rendered":"http:\/\/antiquariat-steinbach.com\/rarebooks\/produkt\/grundriss-der-allgemeinen-warenkunde-unter-beruecksichtigung-der-technologie-und-mikroskopie\/"},"modified":"2026-03-12T00:06:04","modified_gmt":"2026-03-11T23:06:04","slug":"erdmann-koenig-grundriss-der-allgemeinen-warenkunde-unter-beruecksichtigung-der-technologie-und-mikroskopie","status":"publish","type":"product","link":"https:\/\/antiquariat-steinbach.com\/rarebooks\/produkt\/erdmann-koenig-grundriss-der-allgemeinen-warenkunde-unter-beruecksichtigung-der-technologie-und-mikroskopie\/","title":{"rendered":"Erdmann-K\u00f6nig: &#8211;  Grundri\u00df der allgemeinen Warenkunde unter Ber\u00fccksichtigung der Technologie und Mikroskopie."},"content":{"rendered":"<p>Leipzig, Barth 1921.<\/p>\n<p>2 B\u00e4nde. 25 : 17,5 cm. XXXIV, 1196 Seiten mit 630 Abbildungen und 15 Tafeln. Original-Leinenb\u00e4nde.<\/p>\n<p>40,00 EUR<\/p>\n","protected":false},"excerpt":{"rendered":"<p>Mit einem umfangreichen Teil \u00fcber Nahrungs- und Genu\u00dfmittel (Getreide, Reis, Brot- und Backwaren, Kaffee, Tee, Kakao, Bierherstellung und andere alkoholische Genu\u00dfmittel etc.), ferner \u00fcber Mineralien, Mineralfarben, Arzneiwaren, Nutzh\u00f6lzer, organische Farbstoffe, Baumwolle, Papier u.v.m.<\/p>\n","protected":false},"featured_media":0,"template":"","meta":[],"product_brand":[],"product_cat":[58,914],"product_tag":[],"class_list":{"0":"post-2337","1":"product","2":"type-product","3":"status-publish","5":"product_cat-gastronomie","6":"product_cat-zvab","8":"first","9":"instock","10":"purchasable","11":"product-type-simple"},"_links":{"self":[{"href":"https:\/\/antiquariat-steinbach.com\/rarebooks\/wp-json\/wp\/v2\/product\/2337","targetHints":{"allow":["GET"]}}],"collection":[{"href":"https:\/\/antiquariat-steinbach.com\/rarebooks\/wp-json\/wp\/v2\/product"}],"about":[{"href":"https:\/\/antiquariat-steinbach.com\/rarebooks\/wp-json\/wp\/v2\/types\/product"}],"version-history":[{"count":3,"href":"https:\/\/antiquariat-steinbach.com\/rarebooks\/wp-json\/wp\/v2\/product\/2337\/revisions"}],"predecessor-version":[{"id":19207,"href":"https:\/\/antiquariat-steinbach.com\/rarebooks\/wp-json\/wp\/v2\/product\/2337\/revisions\/19207"}],"wp:attachment":[{"href":"https:\/\/antiquariat-steinbach.com\/rarebooks\/wp-json\/wp\/v2\/media?parent=2337"}],"wp:term":[{"taxonomy":"product_brand","embeddable":true,"href":"https:\/\/antiquariat-steinbach.com\/rarebooks\/wp-json\/wp\/v2\/product_brand?post=2337"},{"taxonomy":"product_cat","embeddable":true,"href":"https:\/\/antiquariat-steinbach.com\/rarebooks\/wp-json\/wp\/v2\/product_cat?post=2337"},{"taxonomy":"product_tag","embeddable":true,"href":"https:\/\/antiquariat-steinbach.com\/rarebooks\/wp-json\/wp\/v2\/product_tag?post=2337"}],"curies":[{"name":"wp","href":"https:\/\/api.w.org\/{rel}","templated":true}]}}