{"id":2333,"date":"2026-03-12T00:06:03","date_gmt":"2026-03-11T23:06:03","guid":{"rendered":"http:\/\/antiquariat-steinbach.com\/rarebooks\/produkt\/souvenir-des-vosges\/"},"modified":"2026-03-12T00:06:04","modified_gmt":"2026-03-11T23:06:04","slug":"epinal-souvenir-des-vosges","status":"publish","type":"product","link":"https:\/\/antiquariat-steinbach.com\/rarebooks\/produkt\/epinal-souvenir-des-vosges\/","title":{"rendered":"Epinal &#8211;   Souvenir des Vosges."},"content":{"rendered":"<p>Paris, Pellerin o.J. (um 1870).<\/p>\n<p>40 : 30 cm. 50 Tafeln mit vielen farbigen Abbildungen. Illustrierter Original-Pappband.<\/p>\n<p>220,00 EUR<\/p>\n","protected":false},"excerpt":{"rendered":"<p>Mit ausgew\u00e4hlten Bildergeschichten: Les infortunes de Ninette; Les malheurs d&#8217;une poup\u00e9e; \u00e8ducation de la poup\u00e9e; La petite fermi\u00e8re; Histoire de Jeanne d&#8217;Arc, la lib\u00e9ratrice de la France u.a. &#8211; Die ersten beiden Blatt mit Einrissen, etwas gelockert; Ecken leicht gestaucht.<\/p>\n","protected":false},"featured_media":0,"template":"","meta":[],"product_brand":[],"product_cat":[734,143,60,914],"product_tag":[],"class_list":{"0":"post-2333","1":"product","2":"type-product","3":"status-publish","5":"product_cat-bilderbogen","6":"product_cat-francais","7":"product_cat-kinderbuecher","8":"product_cat-zvab","10":"first","11":"instock","12":"purchasable","13":"product-type-simple"},"_links":{"self":[{"href":"https:\/\/antiquariat-steinbach.com\/rarebooks\/wp-json\/wp\/v2\/product\/2333","targetHints":{"allow":["GET"]}}],"collection":[{"href":"https:\/\/antiquariat-steinbach.com\/rarebooks\/wp-json\/wp\/v2\/product"}],"about":[{"href":"https:\/\/antiquariat-steinbach.com\/rarebooks\/wp-json\/wp\/v2\/types\/product"}],"version-history":[{"count":4,"href":"https:\/\/antiquariat-steinbach.com\/rarebooks\/wp-json\/wp\/v2\/product\/2333\/revisions"}],"predecessor-version":[{"id":24099,"href":"https:\/\/antiquariat-steinbach.com\/rarebooks\/wp-json\/wp\/v2\/product\/2333\/revisions\/24099"}],"wp:attachment":[{"href":"https:\/\/antiquariat-steinbach.com\/rarebooks\/wp-json\/wp\/v2\/media?parent=2333"}],"wp:term":[{"taxonomy":"product_brand","embeddable":true,"href":"https:\/\/antiquariat-steinbach.com\/rarebooks\/wp-json\/wp\/v2\/product_brand?post=2333"},{"taxonomy":"product_cat","embeddable":true,"href":"https:\/\/antiquariat-steinbach.com\/rarebooks\/wp-json\/wp\/v2\/product_cat?post=2333"},{"taxonomy":"product_tag","embeddable":true,"href":"https:\/\/antiquariat-steinbach.com\/rarebooks\/wp-json\/wp\/v2\/product_tag?post=2333"}],"curies":[{"name":"wp","href":"https:\/\/api.w.org\/{rel}","templated":true}]}}