{"id":23229,"date":"2026-03-12T00:22:51","date_gmt":"2026-03-11T23:22:51","guid":{"rendered":"https:\/\/antiquariat-steinbach.com\/rarebooks\/produkt\/slevogt-max-die-insel-wak-wak\/"},"modified":"2026-03-12T00:22:53","modified_gmt":"2026-03-11T23:22:53","slug":"slevogt-max-die-insel-wak-wak","status":"publish","type":"product","link":"https:\/\/antiquariat-steinbach.com\/rarebooks\/produkt\/slevogt-max-die-insel-wak-wak\/","title":{"rendered":"Slevogt, Max: &#8211;  Die Insel Wak Wak."},"content":{"rendered":"<p>Berlin, Bruno Cassirer (1921).<\/p>\n<p>42,2 : 32,5 cm. 146 Seiten mit 57 teils ganzseitigen Original-Litographien von Max Slevogt. Original-Seidenband mit Farblichtdruck nach einem Aquarell Slevogts auf dem Vorderdeckel, Kopfgoldschnitt, goldgepr\u00e4gtes, ledernes R\u00fcckenschild.<\/p>\n<p>2500,00 EUR<\/p>\n","protected":false},"excerpt":{"rendered":"<p>Eines der vier Hauptwerke Slevogts, die R\u00fcmann in seiner Bibliographie namentlich heraushebt, mit den in den Text mit der Handpresse eingedruckten Original-Lithographien. Eines von 350 numerierten Exemplaren, Druckvermerk vom K\u00fcnstler signiert. &#8222;In diesen Steindrucken lebt die Grazie, der Sinn f\u00fcr zauberisch bewegte und reizvoll durcheinander geschlungene Figuren aus der Welt der Zauberfl\u00f6te weiter&#8220; (E. Waldmann). &#8211; R\u00fccken und Vors\u00e4tze stilgerecht und fachm\u00e4nnisch erneuert, der empfindliche und meistens besch\u00e4digte Seideneinband sonst nur gering wellig, innen sch\u00f6nes Exemplar dieses delikaten Werkes. &#8211; R\u00fcmann 49 a.; Garvey, The Artist and the Book, 289.<\/p>\n","protected":false},"featured_media":23231,"template":"","meta":[],"product_brand":[],"product_cat":[29,43,437,847,914],"product_tag":[],"class_list":{"0":"post-23229","1":"product","2":"type-product","3":"status-publish","4":"has-post-thumbnail","6":"product_cat-20-jahrhundert","7":"product_cat-illustrierte-buecher","8":"product_cat-max","9":"product_cat-slevogt","10":"product_cat-zvab","12":"first","13":"instock","14":"purchasable","15":"product-type-simple"},"_links":{"self":[{"href":"https:\/\/antiquariat-steinbach.com\/rarebooks\/wp-json\/wp\/v2\/product\/23229","targetHints":{"allow":["GET"]}}],"collection":[{"href":"https:\/\/antiquariat-steinbach.com\/rarebooks\/wp-json\/wp\/v2\/product"}],"about":[{"href":"https:\/\/antiquariat-steinbach.com\/rarebooks\/wp-json\/wp\/v2\/types\/product"}],"version-history":[{"count":1,"href":"https:\/\/antiquariat-steinbach.com\/rarebooks\/wp-json\/wp\/v2\/product\/23229\/revisions"}],"predecessor-version":[{"id":23230,"href":"https:\/\/antiquariat-steinbach.com\/rarebooks\/wp-json\/wp\/v2\/product\/23229\/revisions\/23230"}],"wp:featuredmedia":[{"embeddable":true,"href":"https:\/\/antiquariat-steinbach.com\/rarebooks\/wp-json\/wp\/v2\/media\/23231"}],"wp:attachment":[{"href":"https:\/\/antiquariat-steinbach.com\/rarebooks\/wp-json\/wp\/v2\/media?parent=23229"}],"wp:term":[{"taxonomy":"product_brand","embeddable":true,"href":"https:\/\/antiquariat-steinbach.com\/rarebooks\/wp-json\/wp\/v2\/product_brand?post=23229"},{"taxonomy":"product_cat","embeddable":true,"href":"https:\/\/antiquariat-steinbach.com\/rarebooks\/wp-json\/wp\/v2\/product_cat?post=23229"},{"taxonomy":"product_tag","embeddable":true,"href":"https:\/\/antiquariat-steinbach.com\/rarebooks\/wp-json\/wp\/v2\/product_tag?post=23229"}],"curies":[{"name":"wp","href":"https:\/\/api.w.org\/{rel}","templated":true}]}}