{"id":23160,"date":"2026-03-12T00:24:52","date_gmt":"2026-03-11T23:24:52","guid":{"rendered":"https:\/\/antiquariat-steinbach.com\/rarebooks\/produkt\/tuerrschmiedt-alb-atlas-zur-deutschen-toepfer-und-ziegler-zeitung\/"},"modified":"2026-03-12T00:24:53","modified_gmt":"2026-03-11T23:24:53","slug":"tuerrschmiedt-alb-atlas-zur-deutschen-toepfer-und-ziegler-zeitung","status":"publish","type":"product","link":"https:\/\/antiquariat-steinbach.com\/rarebooks\/produkt\/tuerrschmiedt-alb-atlas-zur-deutschen-toepfer-und-ziegler-zeitung\/","title":{"rendered":"T\u00fcrrschmiedt, Alb. &#8211;  Atlas zur Deutschen T\u00f6pfer- und Ziegler-Zeitung."},"content":{"rendered":"<p>Berlin, G\u00fcnther, 1871.<\/p>\n<p>20,5 : 26 cm. 10 Holzschnitt-Tafeln mit vielen Abbildungen. Original Umschlag.<\/p>\n<p>150,00 EUR<\/p>\n","protected":false},"excerpt":{"rendered":"<p>Sehr seltener Atlas-Band zur Deutschen T\u00f6pfer- und Ziegler-Zeitung. Die Tafeln zum 1. Jahrgang von 1870. &#8211; Umschlag und einige Tafeln an den Kanten mit kleinen Einrissen, wenige Fleckchen. &#8211; Selten.<\/p>\n","protected":false},"featured_media":23161,"template":"","meta":[],"product_brand":[],"product_cat":[48,790,77,914],"product_tag":[],"class_list":{"0":"post-23160","1":"product","2":"type-product","3":"status-publish","4":"has-post-thumbnail","6":"product_cat-architektur","7":"product_cat-baugeschichte","8":"product_cat-technik","9":"product_cat-zvab","11":"first","12":"instock","13":"purchasable","14":"product-type-simple"},"_links":{"self":[{"href":"https:\/\/antiquariat-steinbach.com\/rarebooks\/wp-json\/wp\/v2\/product\/23160","targetHints":{"allow":["GET"]}}],"collection":[{"href":"https:\/\/antiquariat-steinbach.com\/rarebooks\/wp-json\/wp\/v2\/product"}],"about":[{"href":"https:\/\/antiquariat-steinbach.com\/rarebooks\/wp-json\/wp\/v2\/types\/product"}],"version-history":[{"count":1,"href":"https:\/\/antiquariat-steinbach.com\/rarebooks\/wp-json\/wp\/v2\/product\/23160\/revisions"}],"predecessor-version":[{"id":23464,"href":"https:\/\/antiquariat-steinbach.com\/rarebooks\/wp-json\/wp\/v2\/product\/23160\/revisions\/23464"}],"wp:featuredmedia":[{"embeddable":true,"href":"https:\/\/antiquariat-steinbach.com\/rarebooks\/wp-json\/wp\/v2\/media\/23161"}],"wp:attachment":[{"href":"https:\/\/antiquariat-steinbach.com\/rarebooks\/wp-json\/wp\/v2\/media?parent=23160"}],"wp:term":[{"taxonomy":"product_brand","embeddable":true,"href":"https:\/\/antiquariat-steinbach.com\/rarebooks\/wp-json\/wp\/v2\/product_brand?post=23160"},{"taxonomy":"product_cat","embeddable":true,"href":"https:\/\/antiquariat-steinbach.com\/rarebooks\/wp-json\/wp\/v2\/product_cat?post=23160"},{"taxonomy":"product_tag","embeddable":true,"href":"https:\/\/antiquariat-steinbach.com\/rarebooks\/wp-json\/wp\/v2\/product_tag?post=23160"}],"curies":[{"name":"wp","href":"https:\/\/api.w.org\/{rel}","templated":true}]}}