{"id":23156,"date":"2026-03-12T00:16:21","date_gmt":"2026-03-11T23:16:21","guid":{"rendered":"https:\/\/antiquariat-steinbach.com\/rarebooks\/produkt\/fellner-johann-tabellarischer-rechnungs-schluessel-zu-der-scala-ueber-den-cours-der-bano-zettel-nach-welche-die-zahlungen-in-einloesungs-scheinen-zu-folge-%c2%a7-13-und-14-des-patents-vom-20\/"},"modified":"2026-03-12T00:16:21","modified_gmt":"2026-03-11T23:16:21","slug":"mathematik-fellner-johann-tabellarischer-rechnungs-schluessel-zu-der-scala-ueber-den-cours-der-bano-zettel-nach-welche-die-zahlungen-in-einloesungs-scheinen-zu-folge-%c2%a7-13-und-14-des","status":"publish","type":"product","link":"https:\/\/antiquariat-steinbach.com\/rarebooks\/produkt\/mathematik-fellner-johann-tabellarischer-rechnungs-schluessel-zu-der-scala-ueber-den-cours-der-bano-zettel-nach-welche-die-zahlungen-in-einloesungs-scheinen-zu-folge-%c2%a7-13-und-14-des\/","title":{"rendered":"Mathematik &#8211;   Fellner, Johann. &#8211;  Tabellarischer Rechnungs-Schl\u00fcssel zu der Scala \u00fcber den Cours der Bano-Zettel,  nach welche die Zahlungen in Einl\u00f6sungs-Scheinen zu Folge \u00a7 13. und 14. des Patents vom 20. Hornung 1811, vom Jahre 1799 bis 1811 zu leisten  sind.. Von 1 kr. bis 10,000 fl."},"content":{"rendered":"<p>Wien, Rehm, 1811.<\/p>\n<p>12 : 19 cm. 169 Seiten mit Tabellen. Buntpapierumschlag der Zeit.<\/p>\n<p>150,00 EUR<\/p>\n","protected":false},"excerpt":{"rendered":"<p>Seltenes Rechnungb\u00fcchlein. &#8211; Etwas fleckig, Schnitt angestaubt; Umschlag etwas berieben, R\u00fccken mit Fehlstellen.<\/p>\n","protected":false},"featured_media":23157,"template":"","meta":[],"product_brand":[],"product_cat":[220,59,67,914],"product_tag":[],"class_list":{"0":"post-23156","1":"product","2":"type-product","3":"status-publish","4":"has-post-thumbnail","6":"product_cat-bankwesen","7":"product_cat-kulturgeschichte","8":"product_cat-mathematik","9":"product_cat-zvab","11":"first","12":"instock","13":"purchasable","14":"product-type-simple"},"_links":{"self":[{"href":"https:\/\/antiquariat-steinbach.com\/rarebooks\/wp-json\/wp\/v2\/product\/23156","targetHints":{"allow":["GET"]}}],"collection":[{"href":"https:\/\/antiquariat-steinbach.com\/rarebooks\/wp-json\/wp\/v2\/product"}],"about":[{"href":"https:\/\/antiquariat-steinbach.com\/rarebooks\/wp-json\/wp\/v2\/types\/product"}],"version-history":[{"count":2,"href":"https:\/\/antiquariat-steinbach.com\/rarebooks\/wp-json\/wp\/v2\/product\/23156\/revisions"}],"predecessor-version":[{"id":23656,"href":"https:\/\/antiquariat-steinbach.com\/rarebooks\/wp-json\/wp\/v2\/product\/23156\/revisions\/23656"}],"wp:featuredmedia":[{"embeddable":true,"href":"https:\/\/antiquariat-steinbach.com\/rarebooks\/wp-json\/wp\/v2\/media\/23157"}],"wp:attachment":[{"href":"https:\/\/antiquariat-steinbach.com\/rarebooks\/wp-json\/wp\/v2\/media?parent=23156"}],"wp:term":[{"taxonomy":"product_brand","embeddable":true,"href":"https:\/\/antiquariat-steinbach.com\/rarebooks\/wp-json\/wp\/v2\/product_brand?post=23156"},{"taxonomy":"product_cat","embeddable":true,"href":"https:\/\/antiquariat-steinbach.com\/rarebooks\/wp-json\/wp\/v2\/product_cat?post=23156"},{"taxonomy":"product_tag","embeddable":true,"href":"https:\/\/antiquariat-steinbach.com\/rarebooks\/wp-json\/wp\/v2\/product_tag?post=23156"}],"curies":[{"name":"wp","href":"https:\/\/api.w.org\/{rel}","templated":true}]}}