{"id":23101,"date":"2026-03-12T00:26:19","date_gmt":"2026-03-11T23:26:19","guid":{"rendered":"https:\/\/antiquariat-steinbach.com\/rarebooks\/produkt\/wahl-asmussen-daenische-dorschfilets-seefrisch-nahrhaft-wohlschmeckend\/"},"modified":"2026-03-12T00:26:19","modified_gmt":"2026-03-11T23:26:19","slug":"wahl-asmussen-daenische-dorschfilets-seefrisch-nahrhaft-wohlschmeckend","status":"publish","type":"product","link":"https:\/\/antiquariat-steinbach.com\/rarebooks\/produkt\/wahl-asmussen-daenische-dorschfilets-seefrisch-nahrhaft-wohlschmeckend\/","title":{"rendered":"Wahl Asmussen. &#8211;  D\u00e4nische Dorschfilets. Seefrisch &#8211; Nahrhaft &#8211; Wohlschmeckend."},"content":{"rendered":"<p>Kobenhagen, Aller Press, o.J.<\/p>\n<p>16 : 11,5 cm. 6 Blatt mit vielen farbigen Abbildungen. Farbig illustrierter Original Karton.<\/p>\n<p>30,00 EUR<\/p>\n","protected":false},"excerpt":{"rendered":"<p>Wohl f\u00fcr den Export in die Schweiz bestimmte Werbebrosch\u00fcre mit 5 beschriebenen und illustrierten Rezepten f\u00fcr die Zubereitung der Dorschfilets.<\/p>\n","protected":false},"featured_media":23146,"template":"","meta":[],"product_brand":[],"product_cat":[58,112,76,914],"product_tag":[],"class_list":{"0":"post-23101","1":"product","2":"type-product","3":"status-publish","4":"has-post-thumbnail","6":"product_cat-gastronomie","7":"product_cat-kochbuecher","8":"product_cat-schweiz","9":"product_cat-zvab","11":"first","12":"instock","13":"purchasable","14":"product-type-simple"},"_links":{"self":[{"href":"https:\/\/antiquariat-steinbach.com\/rarebooks\/wp-json\/wp\/v2\/product\/23101","targetHints":{"allow":["GET"]}}],"collection":[{"href":"https:\/\/antiquariat-steinbach.com\/rarebooks\/wp-json\/wp\/v2\/product"}],"about":[{"href":"https:\/\/antiquariat-steinbach.com\/rarebooks\/wp-json\/wp\/v2\/types\/product"}],"version-history":[{"count":1,"href":"https:\/\/antiquariat-steinbach.com\/rarebooks\/wp-json\/wp\/v2\/product\/23101\/revisions"}],"predecessor-version":[{"id":23145,"href":"https:\/\/antiquariat-steinbach.com\/rarebooks\/wp-json\/wp\/v2\/product\/23101\/revisions\/23145"}],"wp:featuredmedia":[{"embeddable":true,"href":"https:\/\/antiquariat-steinbach.com\/rarebooks\/wp-json\/wp\/v2\/media\/23146"}],"wp:attachment":[{"href":"https:\/\/antiquariat-steinbach.com\/rarebooks\/wp-json\/wp\/v2\/media?parent=23101"}],"wp:term":[{"taxonomy":"product_brand","embeddable":true,"href":"https:\/\/antiquariat-steinbach.com\/rarebooks\/wp-json\/wp\/v2\/product_brand?post=23101"},{"taxonomy":"product_cat","embeddable":true,"href":"https:\/\/antiquariat-steinbach.com\/rarebooks\/wp-json\/wp\/v2\/product_cat?post=23101"},{"taxonomy":"product_tag","embeddable":true,"href":"https:\/\/antiquariat-steinbach.com\/rarebooks\/wp-json\/wp\/v2\/product_tag?post=23101"}],"curies":[{"name":"wp","href":"https:\/\/api.w.org\/{rel}","templated":true}]}}