{"id":23098,"date":"2026-03-12T00:18:05","date_gmt":"2026-03-11T23:18:05","guid":{"rendered":"https:\/\/antiquariat-steinbach.com\/rarebooks\/produkt\/music-steinbach-e-du-rothe-ros-fair-rose-that-deckst\/"},"modified":"2026-03-12T00:18:06","modified_gmt":"2026-03-11T23:18:06","slug":"music-steinbach-e-du-rothe-ros-fair-rose-that-deckst","status":"publish","type":"product","link":"https:\/\/antiquariat-steinbach.com\/rarebooks\/produkt\/music-steinbach-e-du-rothe-ros-fair-rose-that-deckst\/","title":{"rendered":"Music &#8211;   Steinbach, E. &#8211;  Du Rothe Ros&#8216; (Fair Rose that Deck&#8217;st)."},"content":{"rendered":"<p>London, Mainz, Br\u00fcssel, Paris Schott&#8217;s S\u00f6hne,  o.J.<\/p>\n<p>33,5 : 26 cm. 4 Blatt.<\/p>\n<p>80,00 EUR<\/p>\n","protected":false},"excerpt":{"rendered":"<p>Auf der letzten Seite Ank\u00fcndigung &#8218;Neue beliebte Lieder und Ges\u00e4nge f\u00fcr eine Singstimme mit Klavierbegleitung.<\/p>\n","protected":false},"featured_media":23135,"template":"","meta":[],"product_brand":[],"product_cat":[144,914],"product_tag":[],"class_list":{"0":"post-23098","1":"product","2":"type-product","3":"status-publish","4":"has-post-thumbnail","6":"product_cat-musik","7":"product_cat-zvab","9":"first","10":"instock","11":"purchasable","12":"product-type-simple"},"_links":{"self":[{"href":"https:\/\/antiquariat-steinbach.com\/rarebooks\/wp-json\/wp\/v2\/product\/23098","targetHints":{"allow":["GET"]}}],"collection":[{"href":"https:\/\/antiquariat-steinbach.com\/rarebooks\/wp-json\/wp\/v2\/product"}],"about":[{"href":"https:\/\/antiquariat-steinbach.com\/rarebooks\/wp-json\/wp\/v2\/types\/product"}],"version-history":[{"count":1,"href":"https:\/\/antiquariat-steinbach.com\/rarebooks\/wp-json\/wp\/v2\/product\/23098\/revisions"}],"predecessor-version":[{"id":23437,"href":"https:\/\/antiquariat-steinbach.com\/rarebooks\/wp-json\/wp\/v2\/product\/23098\/revisions\/23437"}],"wp:featuredmedia":[{"embeddable":true,"href":"https:\/\/antiquariat-steinbach.com\/rarebooks\/wp-json\/wp\/v2\/media\/23135"}],"wp:attachment":[{"href":"https:\/\/antiquariat-steinbach.com\/rarebooks\/wp-json\/wp\/v2\/media?parent=23098"}],"wp:term":[{"taxonomy":"product_brand","embeddable":true,"href":"https:\/\/antiquariat-steinbach.com\/rarebooks\/wp-json\/wp\/v2\/product_brand?post=23098"},{"taxonomy":"product_cat","embeddable":true,"href":"https:\/\/antiquariat-steinbach.com\/rarebooks\/wp-json\/wp\/v2\/product_cat?post=23098"},{"taxonomy":"product_tag","embeddable":true,"href":"https:\/\/antiquariat-steinbach.com\/rarebooks\/wp-json\/wp\/v2\/product_tag?post=23098"}],"curies":[{"name":"wp","href":"https:\/\/api.w.org\/{rel}","templated":true}]}}