{"id":23057,"date":"2026-03-12T00:19:00","date_gmt":"2026-03-11T23:19:00","guid":{"rendered":"https:\/\/antiquariat-steinbach.com\/rarebooks\/produkt\/portugal-la-clede-nicolas-de-histoire-generale-de-portugal\/"},"modified":"2026-03-12T00:19:01","modified_gmt":"2026-03-11T23:19:01","slug":"portugal-la-clede-nicolas-de-histoire-generale-de-portugal","status":"publish","type":"product","link":"https:\/\/antiquariat-steinbach.com\/rarebooks\/produkt\/portugal-la-clede-nicolas-de-histoire-generale-de-portugal\/","title":{"rendered":"Portugal &#8211;   La Clede, Nicolas de. &#8211;  Histoire generale de Portugal."},"content":{"rendered":"<p>Paris, Chez Pierre-Francois Giffart, 1735<\/p>\n<p>2 volumenes 26 : 19 cm. 14 leaves, 783 pages; 18 leaves, 844 pages, with three many folded maps. Contemporary calf, spine richly decorated in gold, 2 back labels.<\/p>\n<p>980,00 EUR<\/p>\n","protected":false},"excerpt":{"rendered":"<p>The history of Portugal  by Nicolas de La Clede (1689?-1736) describes from the beginning the customs and wars of the Lusitians, there state during the domination of the Romans, the invasion of the Goth and Moors, the creation of the state of Portugal under the reign of Henry and Alfonse until the reign of  Rey Jean V. &#8222;On n&#8216; a rien de plus complete ni de plus exact sur ce royaume. L&#8217;origine, les moeurs et las usages des Portugais, les differentes revolutions qu&#8217;ils ont \u00e9prouv\u00e9es, leurs conqu\u00e8tes dans les Indes, y sont rapport\u00e9es avec autant de Fid\u00e9lit\u00e9 que d&#8217;exactitude&#8220; (Querand, Biographie universelle). &#8211; Title with small stamp, ocassionally in the lower right part small stains; the beautiful binding only a bit rubbed.<\/p>\n","protected":false},"featured_media":23058,"template":"","meta":[],"product_brand":[],"product_cat":[65,97,59,981,522,914],"product_tag":[],"class_list":{"0":"post-23057","1":"product","2":"type-product","3":"status-publish","4":"has-post-thumbnail","6":"product_cat-geographie","7":"product_cat-geschichte","8":"product_cat-kulturgeschichte","9":"product_cat-madrid-23","10":"product_cat-portugal","11":"product_cat-zvab","13":"first","14":"instock","15":"purchasable","16":"product-type-simple"},"_links":{"self":[{"href":"https:\/\/antiquariat-steinbach.com\/rarebooks\/wp-json\/wp\/v2\/product\/23057","targetHints":{"allow":["GET"]}}],"collection":[{"href":"https:\/\/antiquariat-steinbach.com\/rarebooks\/wp-json\/wp\/v2\/product"}],"about":[{"href":"https:\/\/antiquariat-steinbach.com\/rarebooks\/wp-json\/wp\/v2\/types\/product"}],"version-history":[{"count":1,"href":"https:\/\/antiquariat-steinbach.com\/rarebooks\/wp-json\/wp\/v2\/product\/23057\/revisions"}],"predecessor-version":[{"id":23444,"href":"https:\/\/antiquariat-steinbach.com\/rarebooks\/wp-json\/wp\/v2\/product\/23057\/revisions\/23444"}],"wp:featuredmedia":[{"embeddable":true,"href":"https:\/\/antiquariat-steinbach.com\/rarebooks\/wp-json\/wp\/v2\/media\/23058"}],"wp:attachment":[{"href":"https:\/\/antiquariat-steinbach.com\/rarebooks\/wp-json\/wp\/v2\/media?parent=23057"}],"wp:term":[{"taxonomy":"product_brand","embeddable":true,"href":"https:\/\/antiquariat-steinbach.com\/rarebooks\/wp-json\/wp\/v2\/product_brand?post=23057"},{"taxonomy":"product_cat","embeddable":true,"href":"https:\/\/antiquariat-steinbach.com\/rarebooks\/wp-json\/wp\/v2\/product_cat?post=23057"},{"taxonomy":"product_tag","embeddable":true,"href":"https:\/\/antiquariat-steinbach.com\/rarebooks\/wp-json\/wp\/v2\/product_tag?post=23057"}],"curies":[{"name":"wp","href":"https:\/\/api.w.org\/{rel}","templated":true}]}}