{"id":22993,"date":"2026-03-12T00:16:43","date_gmt":"2026-03-11T23:16:43","guid":{"rendered":"https:\/\/antiquariat-steinbach.com\/rarebooks\/produkt\/mlenek-hannes-aufloesing-eines-umgedrehten-augenblicks\/"},"modified":"2026-03-12T00:16:44","modified_gmt":"2026-03-11T23:16:44","slug":"mlenek-hannes-aufloesing-eines-umgedrehten-augenblicks","status":"publish","type":"product","link":"https:\/\/antiquariat-steinbach.com\/rarebooks\/produkt\/mlenek-hannes-aufloesing-eines-umgedrehten-augenblicks\/","title":{"rendered":"Mlenek, Hannes. &#8211;  Aufl\u00f6sing eines umgedrehten Augenblicks."},"content":{"rendered":"<p>Wien, Nieder\u00f6sterreichische Gesellschaft f\u00fcr Kunst und Kultur, 1987<\/p>\n<p>32 : 24 cm. 109 Seiten mit ca. 90 Abbildungen. Original Karton.<\/p>\n<p>40,00 EUR<\/p>\n","protected":false},"excerpt":{"rendered":"<p>Hannes Mlenek (Wiener Neustadt 1949) seit 1976 freischaffender K\u00fcnslter, lebt und arbeitet in Wien und Nieder\u00f6sterreich.<\/p>\n","protected":false},"featured_media":22995,"template":"","meta":[],"product_brand":[],"product_cat":[71,105,154,914],"product_tag":[],"class_list":{"0":"post-22993","1":"product","2":"type-product","3":"status-publish","4":"has-post-thumbnail","6":"product_cat-austriaca","7":"product_cat-kunst","8":"product_cat-zeichnungen","9":"product_cat-zvab","11":"first","12":"instock","13":"purchasable","14":"product-type-simple"},"_links":{"self":[{"href":"https:\/\/antiquariat-steinbach.com\/rarebooks\/wp-json\/wp\/v2\/product\/22993","targetHints":{"allow":["GET"]}}],"collection":[{"href":"https:\/\/antiquariat-steinbach.com\/rarebooks\/wp-json\/wp\/v2\/product"}],"about":[{"href":"https:\/\/antiquariat-steinbach.com\/rarebooks\/wp-json\/wp\/v2\/types\/product"}],"version-history":[{"count":2,"href":"https:\/\/antiquariat-steinbach.com\/rarebooks\/wp-json\/wp\/v2\/product\/22993\/revisions"}],"predecessor-version":[{"id":23433,"href":"https:\/\/antiquariat-steinbach.com\/rarebooks\/wp-json\/wp\/v2\/product\/22993\/revisions\/23433"}],"wp:featuredmedia":[{"embeddable":true,"href":"https:\/\/antiquariat-steinbach.com\/rarebooks\/wp-json\/wp\/v2\/media\/22995"}],"wp:attachment":[{"href":"https:\/\/antiquariat-steinbach.com\/rarebooks\/wp-json\/wp\/v2\/media?parent=22993"}],"wp:term":[{"taxonomy":"product_brand","embeddable":true,"href":"https:\/\/antiquariat-steinbach.com\/rarebooks\/wp-json\/wp\/v2\/product_brand?post=22993"},{"taxonomy":"product_cat","embeddable":true,"href":"https:\/\/antiquariat-steinbach.com\/rarebooks\/wp-json\/wp\/v2\/product_cat?post=22993"},{"taxonomy":"product_tag","embeddable":true,"href":"https:\/\/antiquariat-steinbach.com\/rarebooks\/wp-json\/wp\/v2\/product_tag?post=22993"}],"curies":[{"name":"wp","href":"https:\/\/api.w.org\/{rel}","templated":true}]}}