{"id":22988,"date":"2026-03-12T00:16:26","date_gmt":"2026-03-11T23:16:26","guid":{"rendered":"https:\/\/antiquariat-steinbach.com\/rarebooks\/produkt\/medizin-hufeland-christoph-wilhelm-makrobiotik-oder-die-kunst-das-menschliche-leben-zu-verlaengern\/"},"modified":"2026-03-12T00:16:27","modified_gmt":"2026-03-11T23:16:27","slug":"medizin-hufeland-christoph-wilhelm-makrobiotik-oder-die-kunst-das-menschliche-leben-zu-verlaengern","status":"publish","type":"product","link":"https:\/\/antiquariat-steinbach.com\/rarebooks\/produkt\/medizin-hufeland-christoph-wilhelm-makrobiotik-oder-die-kunst-das-menschliche-leben-zu-verlaengern\/","title":{"rendered":"Medizin &#8211;   Hufeland, Christoph Wilhelm: &#8211;  Makrobiotik oder die Kunst das menschliche Leben zu verl\u00e4ngern."},"content":{"rendered":"<p>Wien, Lechner 1832.<\/p>\n<p>5. vermehrte Auflage. 2 Teile in 1 Band. 20 : 12 cm. 319 Seiten Halblederband der Zeit.<\/p>\n<p>110,00 EUR<\/p>\n","protected":false},"excerpt":{"rendered":"<p>Das grundlegende Werk \u00fcber Geriatrie, erschien 1805 erstmals unter dem ver\u00e4nderten Titel. &#8222;One of the most  popular books of this time on personal hygiene&#8220; (Garrison-M. 1602). &#8211; Das Werk wurde noch bis zur Jahrhundertwende in alle Kultursprachen \u00fcbersetzt und geh\u00f6rt zu den klassischen Werken der Weltmedizin. Als ein Handbuch vern\u00fcnftiger Lebensf\u00fchrung ragt es unter der zahlreichen di\u00e4tischen Literatur seiner Zeit durch eine gediegene \u00e4rztliche Empirie hervor. Es fu\u00dft auf dem alten Grundsatz der antiken Medizin, da\u00df nur Ma\u00dfhalten die Voraussetzung f\u00fcr eine gute Funktion des Organismus bildet. Durch diese komplexe Betrachtung von physischer und moralischer Gesundheit wirkte Hufeland (1762-1836) unter anderem auch auf Kant anregend. Wieland, Herder, Goethe und Schiller Lernte Hufelandals Arzt kennen. &#8211; Schnitt und R\u00e4nder etwas fleckig; Einband berieben und bestossen, fleckig, R\u00fccken br\u00fcchig.- Vgl. Goed. VI, 257, 7; Hirsch-H. III, 329; Weiss 1726.<\/p>\n","protected":false},"featured_media":22989,"template":"","meta":[],"product_brand":[],"product_cat":[962,58,179,914],"product_tag":[],"class_list":{"0":"post-22988","1":"product","2":"type-product","3":"status-publish","4":"has-post-thumbnail","6":"product_cat-ein-klassiker-der-weltmedizin","7":"product_cat-gastronomie","8":"product_cat-medizin","9":"product_cat-zvab","11":"first","12":"instock","13":"purchasable","14":"product-type-simple"},"_links":{"self":[{"href":"https:\/\/antiquariat-steinbach.com\/rarebooks\/wp-json\/wp\/v2\/product\/22988","targetHints":{"allow":["GET"]}}],"collection":[{"href":"https:\/\/antiquariat-steinbach.com\/rarebooks\/wp-json\/wp\/v2\/product"}],"about":[{"href":"https:\/\/antiquariat-steinbach.com\/rarebooks\/wp-json\/wp\/v2\/types\/product"}],"version-history":[{"count":1,"href":"https:\/\/antiquariat-steinbach.com\/rarebooks\/wp-json\/wp\/v2\/product\/22988\/revisions"}],"predecessor-version":[{"id":23426,"href":"https:\/\/antiquariat-steinbach.com\/rarebooks\/wp-json\/wp\/v2\/product\/22988\/revisions\/23426"}],"wp:featuredmedia":[{"embeddable":true,"href":"https:\/\/antiquariat-steinbach.com\/rarebooks\/wp-json\/wp\/v2\/media\/22989"}],"wp:attachment":[{"href":"https:\/\/antiquariat-steinbach.com\/rarebooks\/wp-json\/wp\/v2\/media?parent=22988"}],"wp:term":[{"taxonomy":"product_brand","embeddable":true,"href":"https:\/\/antiquariat-steinbach.com\/rarebooks\/wp-json\/wp\/v2\/product_brand?post=22988"},{"taxonomy":"product_cat","embeddable":true,"href":"https:\/\/antiquariat-steinbach.com\/rarebooks\/wp-json\/wp\/v2\/product_cat?post=22988"},{"taxonomy":"product_tag","embeddable":true,"href":"https:\/\/antiquariat-steinbach.com\/rarebooks\/wp-json\/wp\/v2\/product_tag?post=22988"}],"curies":[{"name":"wp","href":"https:\/\/api.w.org\/{rel}","templated":true}]}}