{"id":22930,"date":"2026-03-12T00:02:28","date_gmt":"2026-03-11T23:02:28","guid":{"rendered":"https:\/\/antiquariat-steinbach.com\/rarebooks\/produkt\/boecklin-katalog-der-boecklin-jubilaeums-ausstellung-in-der-kunsthalle-zu-basel\/"},"modified":"2026-03-12T00:02:28","modified_gmt":"2026-03-11T23:02:28","slug":"boecklin-katalog-der-boecklin-jubilaeums-ausstellung-in-der-kunsthalle-zu-basel","status":"publish","type":"product","link":"https:\/\/antiquariat-steinbach.com\/rarebooks\/produkt\/boecklin-katalog-der-boecklin-jubilaeums-ausstellung-in-der-kunsthalle-zu-basel\/","title":{"rendered":"B\u00f6cklin &#8211;   Katalog der B\u00f6cklin-Jubil\u00e4ums-Ausstellung in der Kunsthalle zu Basel."},"content":{"rendered":"<p>Basel, Basler Kunstverein, 1897.<\/p>\n<p>18 : 11 cm. 21 Seiten, 1 Blatt, 5 Tafeln. Farbig illustrieerter Original Karton.<\/p>\n<p>55,00 EUR<\/p>\n","protected":false},"excerpt":{"rendered":"<p>Einband gering berieben, mit leichtem Mittelknick.<\/p>\n","protected":false},"featured_media":22962,"template":"","meta":[],"product_brand":[],"product_cat":[100,40,914],"product_tag":[],"class_list":{"0":"post-22930","1":"product","2":"type-product","3":"status-publish","4":"has-post-thumbnail","6":"product_cat-helvetica","7":"product_cat-kuenstlermonographien","8":"product_cat-zvab","10":"first","11":"instock","12":"purchasable","13":"product-type-simple"},"_links":{"self":[{"href":"https:\/\/antiquariat-steinbach.com\/rarebooks\/wp-json\/wp\/v2\/product\/22930","targetHints":{"allow":["GET"]}}],"collection":[{"href":"https:\/\/antiquariat-steinbach.com\/rarebooks\/wp-json\/wp\/v2\/product"}],"about":[{"href":"https:\/\/antiquariat-steinbach.com\/rarebooks\/wp-json\/wp\/v2\/types\/product"}],"version-history":[{"count":1,"href":"https:\/\/antiquariat-steinbach.com\/rarebooks\/wp-json\/wp\/v2\/product\/22930\/revisions"}],"predecessor-version":[{"id":23290,"href":"https:\/\/antiquariat-steinbach.com\/rarebooks\/wp-json\/wp\/v2\/product\/22930\/revisions\/23290"}],"wp:featuredmedia":[{"embeddable":true,"href":"https:\/\/antiquariat-steinbach.com\/rarebooks\/wp-json\/wp\/v2\/media\/22962"}],"wp:attachment":[{"href":"https:\/\/antiquariat-steinbach.com\/rarebooks\/wp-json\/wp\/v2\/media?parent=22930"}],"wp:term":[{"taxonomy":"product_brand","embeddable":true,"href":"https:\/\/antiquariat-steinbach.com\/rarebooks\/wp-json\/wp\/v2\/product_brand?post=22930"},{"taxonomy":"product_cat","embeddable":true,"href":"https:\/\/antiquariat-steinbach.com\/rarebooks\/wp-json\/wp\/v2\/product_cat?post=22930"},{"taxonomy":"product_tag","embeddable":true,"href":"https:\/\/antiquariat-steinbach.com\/rarebooks\/wp-json\/wp\/v2\/product_tag?post=22930"}],"curies":[{"name":"wp","href":"https:\/\/api.w.org\/{rel}","templated":true}]}}