{"id":22928,"date":"2026-03-12T00:00:19","date_gmt":"2026-03-11T23:00:19","guid":{"rendered":"https:\/\/antiquariat-steinbach.com\/rarebooks\/produkt\/atlas-der-alpenflora\/"},"modified":"2026-03-12T00:00:20","modified_gmt":"2026-03-11T23:00:20","slug":"alpenflora-atlas-der-alpenflora","status":"publish","type":"product","link":"https:\/\/antiquariat-steinbach.com\/rarebooks\/produkt\/alpenflora-atlas-der-alpenflora\/","title":{"rendered":"Alpenflora &#8211;   Atlas der Alpenflora."},"content":{"rendered":"<p>Graz und M\u00fcnchen, Lindauer, 1897.<\/p>\n<p>2. neubearbeitete Auflage. 7 Tafel-B\u00e4nde. 20 : 14,5 cm.. Je 1 Titelblatt und Inhaltsverzeichnis, 500 farbige chromolithographierte Tafeln, XV Seiten. Original Pappb\u00e4nde.<\/p>\n<p>380,00 EUR<\/p>\n","protected":false},"excerpt":{"rendered":"<p>Die seltene, vollst\u00e4ndige, loose Tafelsammlung der Alpenflora. Die Ausf\u00fchrung der Farbentafeln nach Naturaufnahmen und Originalvorlagen von A. Hartinger. Photolithographien nach eigenem Verfahren on Nenke &#038; Ostermaier, Kunstanstalt, Dresden. Mit dem Gesammt-Verzeichniss der lateinischen und deutschen Pflanzennamen. &#8211; Selten in den Original-Einb\u00e4nden. &#8211;  Einb\u00e4nde etwas berieben und mit der Bandzahl beschrieben, Einband von Band 2 besch\u00e4digt. Die Tafeln sauber. &#8211; Vgl. Nissen BBI 799.<\/p>\n","protected":false},"featured_media":22959,"template":"","meta":[],"product_brand":[],"product_cat":[36,37,914],"product_tag":[],"class_list":{"0":"post-22928","1":"product","2":"type-product","3":"status-publish","4":"has-post-thumbnail","6":"product_cat-alpen","7":"product_cat-botanik","8":"product_cat-zvab","10":"first","11":"instock","12":"purchasable","13":"product-type-simple"},"_links":{"self":[{"href":"https:\/\/antiquariat-steinbach.com\/rarebooks\/wp-json\/wp\/v2\/product\/22928","targetHints":{"allow":["GET"]}}],"collection":[{"href":"https:\/\/antiquariat-steinbach.com\/rarebooks\/wp-json\/wp\/v2\/product"}],"about":[{"href":"https:\/\/antiquariat-steinbach.com\/rarebooks\/wp-json\/wp\/v2\/types\/product"}],"version-history":[{"count":0,"href":"https:\/\/antiquariat-steinbach.com\/rarebooks\/wp-json\/wp\/v2\/product\/22928\/revisions"}],"wp:featuredmedia":[{"embeddable":true,"href":"https:\/\/antiquariat-steinbach.com\/rarebooks\/wp-json\/wp\/v2\/media\/22959"}],"wp:attachment":[{"href":"https:\/\/antiquariat-steinbach.com\/rarebooks\/wp-json\/wp\/v2\/media?parent=22928"}],"wp:term":[{"taxonomy":"product_brand","embeddable":true,"href":"https:\/\/antiquariat-steinbach.com\/rarebooks\/wp-json\/wp\/v2\/product_brand?post=22928"},{"taxonomy":"product_cat","embeddable":true,"href":"https:\/\/antiquariat-steinbach.com\/rarebooks\/wp-json\/wp\/v2\/product_cat?post=22928"},{"taxonomy":"product_tag","embeddable":true,"href":"https:\/\/antiquariat-steinbach.com\/rarebooks\/wp-json\/wp\/v2\/product_tag?post=22928"}],"curies":[{"name":"wp","href":"https:\/\/api.w.org\/{rel}","templated":true}]}}