{"id":22913,"date":"2026-03-12T00:26:16","date_gmt":"2026-03-11T23:26:16","guid":{"rendered":"https:\/\/antiquariat-steinbach.com\/rarebooks\/produkt\/wagner-voss-egon-richard-wagner-schriften-eines-revolutionaeren-genies\/"},"modified":"2026-03-12T00:26:18","modified_gmt":"2026-03-11T23:26:18","slug":"wagner-voss-egon-richard-wagner-schriften-eines-revolutionaeren-genies","status":"publish","type":"product","link":"https:\/\/antiquariat-steinbach.com\/rarebooks\/produkt\/wagner-voss-egon-richard-wagner-schriften-eines-revolutionaeren-genies\/","title":{"rendered":"Wagner &#8211;   Voss, Egon. &#8211;  Richard Wagner. Schriften eines revolution\u00e4ren Genies."},"content":{"rendered":"<p>M\u00fcnchen und Wien, Langen-M\u00fcller, 1976.<\/p>\n<p>19,5 : 13 cm. 341 Seiten, 1 Blatt. Original Leinenband mit Original Schutzumschlag.<\/p>\n<p>20,00 EUR<\/p>\n","protected":false},"excerpt":{"rendered":"<p>M\u00fcnchen und Wien, Langen-M\u00fcller, 1976. 19,5 : 13 cm. 341 Seiten, 1 Blatt. Original Leinenband mit Original Schutzumschlag. 20,00 EUR<\/p>\n","protected":false},"featured_media":22915,"template":"","meta":[],"product_brand":[],"product_cat":[144,893,892,914],"product_tag":[],"class_list":{"0":"post-22913","1":"product","2":"type-product","3":"status-publish","4":"has-post-thumbnail","6":"product_cat-musik","7":"product_cat-richard","8":"product_cat-wagner","9":"product_cat-zvab","11":"first","12":"instock","13":"purchasable","14":"product-type-simple"},"_links":{"self":[{"href":"https:\/\/antiquariat-steinbach.com\/rarebooks\/wp-json\/wp\/v2\/product\/22913","targetHints":{"allow":["GET"]}}],"collection":[{"href":"https:\/\/antiquariat-steinbach.com\/rarebooks\/wp-json\/wp\/v2\/product"}],"about":[{"href":"https:\/\/antiquariat-steinbach.com\/rarebooks\/wp-json\/wp\/v2\/types\/product"}],"version-history":[{"count":1,"href":"https:\/\/antiquariat-steinbach.com\/rarebooks\/wp-json\/wp\/v2\/product\/22913\/revisions"}],"predecessor-version":[{"id":22914,"href":"https:\/\/antiquariat-steinbach.com\/rarebooks\/wp-json\/wp\/v2\/product\/22913\/revisions\/22914"}],"wp:featuredmedia":[{"embeddable":true,"href":"https:\/\/antiquariat-steinbach.com\/rarebooks\/wp-json\/wp\/v2\/media\/22915"}],"wp:attachment":[{"href":"https:\/\/antiquariat-steinbach.com\/rarebooks\/wp-json\/wp\/v2\/media?parent=22913"}],"wp:term":[{"taxonomy":"product_brand","embeddable":true,"href":"https:\/\/antiquariat-steinbach.com\/rarebooks\/wp-json\/wp\/v2\/product_brand?post=22913"},{"taxonomy":"product_cat","embeddable":true,"href":"https:\/\/antiquariat-steinbach.com\/rarebooks\/wp-json\/wp\/v2\/product_cat?post=22913"},{"taxonomy":"product_tag","embeddable":true,"href":"https:\/\/antiquariat-steinbach.com\/rarebooks\/wp-json\/wp\/v2\/product_tag?post=22913"}],"curies":[{"name":"wp","href":"https:\/\/api.w.org\/{rel}","templated":true}]}}