{"id":22887,"date":"2026-03-12T00:14:42","date_gmt":"2026-03-11T23:14:42","guid":{"rendered":"https:\/\/antiquariat-steinbach.com\/rarebooks\/produkt\/l-graber-graber-georg-heruasgeber-sagen-und-maerchen-aus-kaernten\/"},"modified":"2026-03-12T00:14:43","modified_gmt":"2026-03-11T23:14:43","slug":"literatur-graber-georg-heruasgeber-sagen-und-maerchen-aus-kaernten","status":"publish","type":"product","link":"https:\/\/antiquariat-steinbach.com\/rarebooks\/produkt\/literatur-graber-georg-heruasgeber-sagen-und-maerchen-aus-kaernten\/","title":{"rendered":"Literatur &#8211;   Graber, Georg (Heruasgeber): &#8211;  Sagen und M\u00e4rchen aus K\u00e4rnten."},"content":{"rendered":"<p>Graz, Leykam 1941.<\/p>\n<p>23 : 16 cm. XXXIV, 368 Seiten Illustrierter Original-Halbleinenband mit farbig illustrierten Schutzumschlag.<\/p>\n<p>35,00 EUR<\/p>\n","protected":false},"excerpt":{"rendered":"<p>Der vorliegende Band bildet den zweiten Band der 1914 bei Diederichs erschienen ersten Auflage. Der \u00fcberwiegende Teil der M\u00e4rchen und Sagen sind neu. &#8218;Die vorliegende 5. Auflage ist gegen\u00fcber der ersten und ihren Neudrucken gek\u00fcrzt. Diesmal habe ich bei der Auswahl und Sichtung der Sagen einen strengeren Ma\u00dfstab angelegt und alles beseitigt, was f\u00fcr die Erkenntnis der volkst\u00fcmlichen \u00dcberlieferung nicht von wesentlicher Bedeutung ist&#8216; (Vorwort). &#8211; Deutsches ahnenerbe, Reihe C, Band 10.<\/p>\n","protected":false},"featured_media":22888,"template":"","meta":[],"product_brand":[],"product_cat":[60,137,914],"product_tag":[],"class_list":{"0":"post-22887","1":"product","2":"type-product","3":"status-publish","4":"has-post-thumbnail","6":"product_cat-kinderbuecher","7":"product_cat-maerchen","8":"product_cat-zvab","10":"first","11":"instock","12":"purchasable","13":"product-type-simple"},"_links":{"self":[{"href":"https:\/\/antiquariat-steinbach.com\/rarebooks\/wp-json\/wp\/v2\/product\/22887","targetHints":{"allow":["GET"]}}],"collection":[{"href":"https:\/\/antiquariat-steinbach.com\/rarebooks\/wp-json\/wp\/v2\/product"}],"about":[{"href":"https:\/\/antiquariat-steinbach.com\/rarebooks\/wp-json\/wp\/v2\/types\/product"}],"version-history":[{"count":2,"href":"https:\/\/antiquariat-steinbach.com\/rarebooks\/wp-json\/wp\/v2\/product\/22887\/revisions"}],"predecessor-version":[{"id":24543,"href":"https:\/\/antiquariat-steinbach.com\/rarebooks\/wp-json\/wp\/v2\/product\/22887\/revisions\/24543"}],"wp:featuredmedia":[{"embeddable":true,"href":"https:\/\/antiquariat-steinbach.com\/rarebooks\/wp-json\/wp\/v2\/media\/22888"}],"wp:attachment":[{"href":"https:\/\/antiquariat-steinbach.com\/rarebooks\/wp-json\/wp\/v2\/media?parent=22887"}],"wp:term":[{"taxonomy":"product_brand","embeddable":true,"href":"https:\/\/antiquariat-steinbach.com\/rarebooks\/wp-json\/wp\/v2\/product_brand?post=22887"},{"taxonomy":"product_cat","embeddable":true,"href":"https:\/\/antiquariat-steinbach.com\/rarebooks\/wp-json\/wp\/v2\/product_cat?post=22887"},{"taxonomy":"product_tag","embeddable":true,"href":"https:\/\/antiquariat-steinbach.com\/rarebooks\/wp-json\/wp\/v2\/product_tag?post=22887"}],"curies":[{"name":"wp","href":"https:\/\/api.w.org\/{rel}","templated":true}]}}