{"id":22885,"date":"2026-03-12T00:12:51","date_gmt":"2026-03-11T23:12:51","guid":{"rendered":"https:\/\/antiquariat-steinbach.com\/rarebooks\/produkt\/kochwasser-rosa-sammlung-von-28-original-entwuerfen-fuer-kirchen-parameter-fahnen-und-standarte\/"},"modified":"2026-03-12T00:12:51","modified_gmt":"2026-03-11T23:12:51","slug":"kochwasser-rosa-sammlung-von-28-original-entwuerfen-fuer-kirchen-parameter-fahnen-und-standarte","status":"publish","type":"product","link":"https:\/\/antiquariat-steinbach.com\/rarebooks\/produkt\/kochwasser-rosa-sammlung-von-28-original-entwuerfen-fuer-kirchen-parameter-fahnen-und-standarte\/","title":{"rendered":"Kochwasser, Rosa. &#8211;  Sammlung von 28 Original-Entw\u00fcrfen f\u00fcr Kirchen-Parameter, Fahnen und Standarte."},"content":{"rendered":"<p>M\u00e4hr. Neustadt, Kochwasser, 1902 &#8211; 1906,<\/p>\n<p>33 : 22 bis 85 : 115 cm. 28 Original-Aquarelle auf festem Karton.<\/p>\n<p>1200,00 EUR<\/p>\n","protected":false},"excerpt":{"rendered":"<p>Interessante Sammlung von Original-Entw\u00fcrfen unter anderem f\u00fcr &#8218;Genossenschaft der Zimmerputzer u. Reinigungs AnstaltenWiens&#8216;, &#8218;Bund Oesterreichischer Gastgewerbe-Angestellter&#8216;, &#8218;Frisch &#8211; Fromm -Fr\u00f6hlich &#8211;  Frei&#8216;, &#8218;Gott segne das ehrbare Handwerk&#8216;, &#8218;Gib Gott, Bitt Gott, Dank Gott&#8216;, &#8218;Genossenschaft der Tischler in Wien&#8216;, &#8218;Sokol Otaslavice&#8216; etc. &#8211; Beiliegt: Tafel mit 10 Farb- und Stoffmustern. &#8211;  Mehrere Blatt verso, teils mehrfach gestempelt, teils mit kleinen Randeinrissen. etwas angestaubt.<\/p>\n","protected":false},"featured_media":22886,"template":"","meta":[],"product_brand":[],"product_cat":[93,259,59,290,914],"product_tag":[],"class_list":{"0":"post-22885","1":"product","2":"type-product","3":"status-publish","4":"has-post-thumbnail","6":"product_cat-design","7":"product_cat-handwerk","8":"product_cat-kulturgeschichte","9":"product_cat-theolgie","10":"product_cat-zvab","12":"first","13":"instock","14":"purchasable","15":"product-type-simple"},"_links":{"self":[{"href":"https:\/\/antiquariat-steinbach.com\/rarebooks\/wp-json\/wp\/v2\/product\/22885","targetHints":{"allow":["GET"]}}],"collection":[{"href":"https:\/\/antiquariat-steinbach.com\/rarebooks\/wp-json\/wp\/v2\/product"}],"about":[{"href":"https:\/\/antiquariat-steinbach.com\/rarebooks\/wp-json\/wp\/v2\/types\/product"}],"version-history":[{"count":1,"href":"https:\/\/antiquariat-steinbach.com\/rarebooks\/wp-json\/wp\/v2\/product\/22885\/revisions"}],"predecessor-version":[{"id":23398,"href":"https:\/\/antiquariat-steinbach.com\/rarebooks\/wp-json\/wp\/v2\/product\/22885\/revisions\/23398"}],"wp:featuredmedia":[{"embeddable":true,"href":"https:\/\/antiquariat-steinbach.com\/rarebooks\/wp-json\/wp\/v2\/media\/22886"}],"wp:attachment":[{"href":"https:\/\/antiquariat-steinbach.com\/rarebooks\/wp-json\/wp\/v2\/media?parent=22885"}],"wp:term":[{"taxonomy":"product_brand","embeddable":true,"href":"https:\/\/antiquariat-steinbach.com\/rarebooks\/wp-json\/wp\/v2\/product_brand?post=22885"},{"taxonomy":"product_cat","embeddable":true,"href":"https:\/\/antiquariat-steinbach.com\/rarebooks\/wp-json\/wp\/v2\/product_cat?post=22885"},{"taxonomy":"product_tag","embeddable":true,"href":"https:\/\/antiquariat-steinbach.com\/rarebooks\/wp-json\/wp\/v2\/product_tag?post=22885"}],"curies":[{"name":"wp","href":"https:\/\/api.w.org\/{rel}","templated":true}]}}