{"id":2283,"date":"2026-03-12T00:14:17","date_gmt":"2026-03-11T23:14:17","guid":{"rendered":"http:\/\/antiquariat-steinbach.com\/rarebooks\/produkt\/der-suedlichen-k-k-staatsbahnen-muerzzuschlag-bis-laibach\/"},"modified":"2026-03-12T00:14:18","modified_gmt":"2026-03-11T23:14:18","slug":"laengenprofil-der-suedlichen-k-k-staatsbahnen-muerzzuschlag-bis-laibach","status":"publish","type":"product","link":"https:\/\/antiquariat-steinbach.com\/rarebooks\/produkt\/laengenprofil-der-suedlichen-k-k-staatsbahnen-muerzzuschlag-bis-laibach\/","title":{"rendered":"L\u00e4ngenprofil: &#8211;  der s\u00fcdlichen k.k.Staatsbahnen M\u00fcrzzuschlag bis Laibach."},"content":{"rendered":"<p>O.O, u.Dr o.J.(ca.1865).<\/p>\n<p>17,5 : 11,5 bzw. 5 Meter : 41 cm. 5 mehrfach gefaltete Kartensegmente auf Leinen aufgezogen. Original-Pappschuber.<\/p>\n<p>480,00 EUR<\/p>\n","protected":false},"excerpt":{"rendered":"<p>Detaillierte Karten mit genauen Angaben \u00fcber H\u00f6he, Bauwerke, W\u00e4chterh\u00e4user, Stationen etc. In Rot und Schwarz gedruckt. &#8211; Vereinzelt gering fleckig; Schuber teils gering besch\u00e4digt. Selten.<\/p>\n","protected":false},"featured_media":14427,"template":"","meta":[],"product_brand":[],"product_cat":[71,125,914],"product_tag":[],"class_list":{"0":"post-2283","1":"product","2":"type-product","3":"status-publish","4":"has-post-thumbnail","6":"product_cat-austriaca","7":"product_cat-eisenbahn","8":"product_cat-zvab","10":"first","11":"instock","12":"purchasable","13":"product-type-simple"},"_links":{"self":[{"href":"https:\/\/antiquariat-steinbach.com\/rarebooks\/wp-json\/wp\/v2\/product\/2283","targetHints":{"allow":["GET"]}}],"collection":[{"href":"https:\/\/antiquariat-steinbach.com\/rarebooks\/wp-json\/wp\/v2\/product"}],"about":[{"href":"https:\/\/antiquariat-steinbach.com\/rarebooks\/wp-json\/wp\/v2\/types\/product"}],"version-history":[{"count":5,"href":"https:\/\/antiquariat-steinbach.com\/rarebooks\/wp-json\/wp\/v2\/product\/2283\/revisions"}],"predecessor-version":[{"id":27824,"href":"https:\/\/antiquariat-steinbach.com\/rarebooks\/wp-json\/wp\/v2\/product\/2283\/revisions\/27824"}],"wp:featuredmedia":[{"embeddable":true,"href":"https:\/\/antiquariat-steinbach.com\/rarebooks\/wp-json\/wp\/v2\/media\/14427"}],"wp:attachment":[{"href":"https:\/\/antiquariat-steinbach.com\/rarebooks\/wp-json\/wp\/v2\/media?parent=2283"}],"wp:term":[{"taxonomy":"product_brand","embeddable":true,"href":"https:\/\/antiquariat-steinbach.com\/rarebooks\/wp-json\/wp\/v2\/product_brand?post=2283"},{"taxonomy":"product_cat","embeddable":true,"href":"https:\/\/antiquariat-steinbach.com\/rarebooks\/wp-json\/wp\/v2\/product_cat?post=2283"},{"taxonomy":"product_tag","embeddable":true,"href":"https:\/\/antiquariat-steinbach.com\/rarebooks\/wp-json\/wp\/v2\/product_tag?post=2283"}],"curies":[{"name":"wp","href":"https:\/\/api.w.org\/{rel}","templated":true}]}}