{"id":22755,"date":"2026-03-12T00:02:06","date_gmt":"2026-03-11T23:02:06","guid":{"rendered":"https:\/\/antiquariat-steinbach.com\/rarebooks\/produkt\/bauer-rudolph-china-lacht-zeitgenoessische-karikaturen\/"},"modified":"2026-03-12T00:02:06","modified_gmt":"2026-03-11T23:02:06","slug":"bauer-rudolph-china-lacht-zeitgenoessische-karikaturen","status":"publish","type":"product","link":"https:\/\/antiquariat-steinbach.com\/rarebooks\/produkt\/bauer-rudolph-china-lacht-zeitgenoessische-karikaturen\/","title":{"rendered":"Bauer, Rudolph. &#8211;  China lacht. Zeitgen\u00f6ssische Karikaturen."},"content":{"rendered":"<p>Wien, M\u00fcnchen, Z\u00fcrich, Europa Verlag, 1983.<\/p>\n<p>20,5 : 13 cm. 287 Seiten mit vielen Illustrationen. Illustrierter Original-Karton.<\/p>\n<p>20,00 EUR<\/p>\n","protected":false},"excerpt":{"rendered":"<p>Wien, M\u00fcnchen, Z\u00fcrich, Europa Verlag, 1983. 20,5 : 13 cm. 287 Seiten mit vielen Illustrationen. Illustrierter Original-Karton. 20,00 EUR<\/p>\n","protected":false},"featured_media":22756,"template":"","meta":[],"product_brand":[],"product_cat":[53,122,123,59,914],"product_tag":[],"class_list":{"0":"post-22755","1":"product","2":"type-product","3":"status-publish","4":"has-post-thumbnail","6":"product_cat-china","7":"product_cat-humor","8":"product_cat-karikatur","9":"product_cat-kulturgeschichte","10":"product_cat-zvab","12":"first","13":"instock","14":"purchasable","15":"product-type-simple"},"_links":{"self":[{"href":"https:\/\/antiquariat-steinbach.com\/rarebooks\/wp-json\/wp\/v2\/product\/22755","targetHints":{"allow":["GET"]}}],"collection":[{"href":"https:\/\/antiquariat-steinbach.com\/rarebooks\/wp-json\/wp\/v2\/product"}],"about":[{"href":"https:\/\/antiquariat-steinbach.com\/rarebooks\/wp-json\/wp\/v2\/types\/product"}],"version-history":[{"count":1,"href":"https:\/\/antiquariat-steinbach.com\/rarebooks\/wp-json\/wp\/v2\/product\/22755\/revisions"}],"predecessor-version":[{"id":23280,"href":"https:\/\/antiquariat-steinbach.com\/rarebooks\/wp-json\/wp\/v2\/product\/22755\/revisions\/23280"}],"wp:featuredmedia":[{"embeddable":true,"href":"https:\/\/antiquariat-steinbach.com\/rarebooks\/wp-json\/wp\/v2\/media\/22756"}],"wp:attachment":[{"href":"https:\/\/antiquariat-steinbach.com\/rarebooks\/wp-json\/wp\/v2\/media?parent=22755"}],"wp:term":[{"taxonomy":"product_brand","embeddable":true,"href":"https:\/\/antiquariat-steinbach.com\/rarebooks\/wp-json\/wp\/v2\/product_brand?post=22755"},{"taxonomy":"product_cat","embeddable":true,"href":"https:\/\/antiquariat-steinbach.com\/rarebooks\/wp-json\/wp\/v2\/product_cat?post=22755"},{"taxonomy":"product_tag","embeddable":true,"href":"https:\/\/antiquariat-steinbach.com\/rarebooks\/wp-json\/wp\/v2\/product_tag?post=22755"}],"curies":[{"name":"wp","href":"https:\/\/api.w.org\/{rel}","templated":true}]}}