{"id":2269,"date":"2026-03-12T00:04:57","date_gmt":"2026-03-11T23:04:57","guid":{"rendered":"http:\/\/antiquariat-steinbach.com\/rarebooks\/produkt\/blauer-geglaetteter-lederband-mit-stehkantenfileten-reichster-innenkantenvergoldung-seidenvorsaetze-dreiseitiger-goldschnitt\/"},"modified":"2026-03-12T00:04:58","modified_gmt":"2026-03-11T23:04:58","slug":"einbaende-blauer-geglaetteter-lederband-mit-stehkantenfileten-reichster-innenkantenvergoldung-seidenvorsaetze-dreiseitiger-goldschnitt","status":"publish","type":"product","link":"https:\/\/antiquariat-steinbach.com\/rarebooks\/produkt\/einbaende-blauer-geglaetteter-lederband-mit-stehkantenfileten-reichster-innenkantenvergoldung-seidenvorsaetze-dreiseitiger-goldschnitt\/","title":{"rendered":"Einb\u00e4nde &#8211;   Blauer gegl\u00e4tteter Lederband mit Stehkantenfileten, reichster Innenkantenvergoldung, Seidenvors\u00e4tze, dreiseitiger Goldschnitt."},"content":{"rendered":"<p>o.J. (um 1880).<\/p>\n<p>16 : 11 cm.<\/p>\n<p>120,00 EUR<\/p>\n","protected":false},"excerpt":{"rendered":"<p>Inhalt ca. 150 leere Bl\u00e4tter.<\/p>\n","protected":false},"featured_media":14424,"template":"","meta":[],"product_brand":[],"product_cat":[95,914],"product_tag":[],"class_list":{"0":"post-2269","1":"product","2":"type-product","3":"status-publish","4":"has-post-thumbnail","6":"product_cat-einbaende","7":"product_cat-zvab","9":"first","10":"instock","11":"purchasable","12":"product-type-simple"},"_links":{"self":[{"href":"https:\/\/antiquariat-steinbach.com\/rarebooks\/wp-json\/wp\/v2\/product\/2269","targetHints":{"allow":["GET"]}}],"collection":[{"href":"https:\/\/antiquariat-steinbach.com\/rarebooks\/wp-json\/wp\/v2\/product"}],"about":[{"href":"https:\/\/antiquariat-steinbach.com\/rarebooks\/wp-json\/wp\/v2\/types\/product"}],"version-history":[{"count":3,"href":"https:\/\/antiquariat-steinbach.com\/rarebooks\/wp-json\/wp\/v2\/product\/2269\/revisions"}],"predecessor-version":[{"id":19181,"href":"https:\/\/antiquariat-steinbach.com\/rarebooks\/wp-json\/wp\/v2\/product\/2269\/revisions\/19181"}],"wp:featuredmedia":[{"embeddable":true,"href":"https:\/\/antiquariat-steinbach.com\/rarebooks\/wp-json\/wp\/v2\/media\/14424"}],"wp:attachment":[{"href":"https:\/\/antiquariat-steinbach.com\/rarebooks\/wp-json\/wp\/v2\/media?parent=2269"}],"wp:term":[{"taxonomy":"product_brand","embeddable":true,"href":"https:\/\/antiquariat-steinbach.com\/rarebooks\/wp-json\/wp\/v2\/product_brand?post=2269"},{"taxonomy":"product_cat","embeddable":true,"href":"https:\/\/antiquariat-steinbach.com\/rarebooks\/wp-json\/wp\/v2\/product_cat?post=2269"},{"taxonomy":"product_tag","embeddable":true,"href":"https:\/\/antiquariat-steinbach.com\/rarebooks\/wp-json\/wp\/v2\/product_tag?post=2269"}],"curies":[{"name":"wp","href":"https:\/\/api.w.org\/{rel}","templated":true}]}}