{"id":2267,"date":"2026-03-12T00:04:57","date_gmt":"2026-03-11T23:04:57","guid":{"rendered":"http:\/\/antiquariat-steinbach.com\/rarebooks\/produkt\/prinzessin-schnudi-eine-verliebte-geschichte\/"},"modified":"2026-03-12T00:04:58","modified_gmt":"2026-03-11T23:04:58","slug":"eichinger-richard-prinzessin-schnudi-eine-verliebte-geschichte","status":"publish","type":"product","link":"https:\/\/antiquariat-steinbach.com\/rarebooks\/produkt\/eichinger-richard-prinzessin-schnudi-eine-verliebte-geschichte\/","title":{"rendered":"Eichinger, Richard. &#8211;  Prinzessin Schnudi. Eine verliebte Geschichte."},"content":{"rendered":"<p>M\u00fcnchen, M\u00fcller, 1923.<\/p>\n<p>20 : 13 cm. VII, 181 Seiten. Original Halblederband mit reicher R\u00fcckenvergoldung.<\/p>\n<p>35,00 EUR<\/p>\n","protected":false},"excerpt":{"rendered":"<p>M\u00fcnchen, M\u00fcller, 1923. 20 : 13 cm. VII, 181 Seiten. Original Halblederband mit reicher R\u00fcckenvergoldung. 35,00 EUR<\/p>\n","protected":false},"featured_media":0,"template":"","meta":[],"product_brand":[],"product_cat":[29,152,32,914],"product_tag":[],"class_list":{"0":"post-2267","1":"product","2":"type-product","3":"status-publish","5":"product_cat-20-jahrhundert","6":"product_cat-erotica","7":"product_cat-literatur","8":"product_cat-zvab","10":"first","11":"instock","12":"purchasable","13":"product-type-simple"},"_links":{"self":[{"href":"https:\/\/antiquariat-steinbach.com\/rarebooks\/wp-json\/wp\/v2\/product\/2267","targetHints":{"allow":["GET"]}}],"collection":[{"href":"https:\/\/antiquariat-steinbach.com\/rarebooks\/wp-json\/wp\/v2\/product"}],"about":[{"href":"https:\/\/antiquariat-steinbach.com\/rarebooks\/wp-json\/wp\/v2\/types\/product"}],"version-history":[{"count":3,"href":"https:\/\/antiquariat-steinbach.com\/rarebooks\/wp-json\/wp\/v2\/product\/2267\/revisions"}],"predecessor-version":[{"id":19180,"href":"https:\/\/antiquariat-steinbach.com\/rarebooks\/wp-json\/wp\/v2\/product\/2267\/revisions\/19180"}],"wp:attachment":[{"href":"https:\/\/antiquariat-steinbach.com\/rarebooks\/wp-json\/wp\/v2\/media?parent=2267"}],"wp:term":[{"taxonomy":"product_brand","embeddable":true,"href":"https:\/\/antiquariat-steinbach.com\/rarebooks\/wp-json\/wp\/v2\/product_brand?post=2267"},{"taxonomy":"product_cat","embeddable":true,"href":"https:\/\/antiquariat-steinbach.com\/rarebooks\/wp-json\/wp\/v2\/product_cat?post=2267"},{"taxonomy":"product_tag","embeddable":true,"href":"https:\/\/antiquariat-steinbach.com\/rarebooks\/wp-json\/wp\/v2\/product_tag?post=2267"}],"curies":[{"name":"wp","href":"https:\/\/api.w.org\/{rel}","templated":true}]}}