{"id":22542,"date":"2026-03-12T00:06:51","date_gmt":"2026-03-11T23:06:51","guid":{"rendered":"https:\/\/antiquariat-steinbach.com\/rarebooks\/produkt\/friedrich-duerrenmatt-die-heimat-im-plakat-ein-buch-fuer-schweizer-kinder-2\/"},"modified":"2026-03-12T00:06:51","modified_gmt":"2026-03-11T23:06:51","slug":"friedrich-duerrenmatt-die-heimat-im-plakat-ein-buch-fuer-schweizer-kinder","status":"publish","type":"product","link":"https:\/\/antiquariat-steinbach.com\/rarebooks\/produkt\/friedrich-duerrenmatt-die-heimat-im-plakat-ein-buch-fuer-schweizer-kinder\/","title":{"rendered":"Friedrich D\u00fcrrenmatt &#8211;  Die Heimat im Plakat. Ein Buch f\u00fcr schweizer Kinder."},"content":{"rendered":"<p>Z\u00fcrich. Diogenes. 1963<\/p>\n<p>27,5 : 22cm. original cloth.<\/p>\n<p>50,00 EUR<\/p>\n","protected":false},"excerpt":{"rendered":"<p>unnumbered pages., with 1 text and 42 illustrations by the author and artist. original cloth.<\/p>\n","protected":false},"featured_media":22544,"template":"","meta":[],"product_brand":[],"product_cat":[365,140,914],"product_tag":[],"class_list":{"0":"post-22542","1":"product","2":"type-product","3":"status-publish","4":"has-post-thumbnail","6":"product_cat-365","7":"product_cat-jhdt","8":"product_cat-zvab","10":"first","11":"instock","12":"purchasable","13":"product-type-simple"},"_links":{"self":[{"href":"https:\/\/antiquariat-steinbach.com\/rarebooks\/wp-json\/wp\/v2\/product\/22542","targetHints":{"allow":["GET"]}}],"collection":[{"href":"https:\/\/antiquariat-steinbach.com\/rarebooks\/wp-json\/wp\/v2\/product"}],"about":[{"href":"https:\/\/antiquariat-steinbach.com\/rarebooks\/wp-json\/wp\/v2\/types\/product"}],"version-history":[{"count":1,"href":"https:\/\/antiquariat-steinbach.com\/rarebooks\/wp-json\/wp\/v2\/product\/22542\/revisions"}],"predecessor-version":[{"id":22543,"href":"https:\/\/antiquariat-steinbach.com\/rarebooks\/wp-json\/wp\/v2\/product\/22542\/revisions\/22543"}],"wp:featuredmedia":[{"embeddable":true,"href":"https:\/\/antiquariat-steinbach.com\/rarebooks\/wp-json\/wp\/v2\/media\/22544"}],"wp:attachment":[{"href":"https:\/\/antiquariat-steinbach.com\/rarebooks\/wp-json\/wp\/v2\/media?parent=22542"}],"wp:term":[{"taxonomy":"product_brand","embeddable":true,"href":"https:\/\/antiquariat-steinbach.com\/rarebooks\/wp-json\/wp\/v2\/product_brand?post=22542"},{"taxonomy":"product_cat","embeddable":true,"href":"https:\/\/antiquariat-steinbach.com\/rarebooks\/wp-json\/wp\/v2\/product_cat?post=22542"},{"taxonomy":"product_tag","embeddable":true,"href":"https:\/\/antiquariat-steinbach.com\/rarebooks\/wp-json\/wp\/v2\/product_tag?post=22542"}],"curies":[{"name":"wp","href":"https:\/\/api.w.org\/{rel}","templated":true}]}}