{"id":22516,"date":"2026-03-12T00:02:28","date_gmt":"2026-03-11T23:02:28","guid":{"rendered":"https:\/\/antiquariat-steinbach.com\/rarebooks\/produkt\/bohatta-morpurgo-ida-eismaennlein\/"},"modified":"2026-03-12T00:02:29","modified_gmt":"2026-03-11T23:02:29","slug":"bohatta-morpurgo-ida-eismaennlein","status":"publish","type":"product","link":"https:\/\/antiquariat-steinbach.com\/rarebooks\/produkt\/bohatta-morpurgo-ida-eismaennlein\/","title":{"rendered":"Bohatta-Morpurgo, Ida: &#8211;  Eism\u00e4nnlein."},"content":{"rendered":"<p>M\u00fcnchen, M\u00fcller 1939.<\/p>\n<p>14,5 : 12 cm. 9 (statt 11) Blatt mit 8 (statt 10) farbigen Tafeln von Ida Bohatta-Morpurgo. Farbig illustrierter Original-Pappband.<\/p>\n<p>15,00 EUR<\/p>\n","protected":false},"excerpt":{"rendered":"<p>Erste Ausgabe. &#8211; Bode, Bohatta-M. 86.<\/p>\n","protected":false},"featured_media":22517,"template":"","meta":[],"product_brand":[],"product_cat":[60,914],"product_tag":[],"class_list":{"0":"post-22516","1":"product","2":"type-product","3":"status-publish","4":"has-post-thumbnail","6":"product_cat-kinderbuecher","7":"product_cat-zvab","9":"first","10":"instock","11":"purchasable","12":"product-type-simple"},"_links":{"self":[{"href":"https:\/\/antiquariat-steinbach.com\/rarebooks\/wp-json\/wp\/v2\/product\/22516","targetHints":{"allow":["GET"]}}],"collection":[{"href":"https:\/\/antiquariat-steinbach.com\/rarebooks\/wp-json\/wp\/v2\/product"}],"about":[{"href":"https:\/\/antiquariat-steinbach.com\/rarebooks\/wp-json\/wp\/v2\/types\/product"}],"version-history":[{"count":1,"href":"https:\/\/antiquariat-steinbach.com\/rarebooks\/wp-json\/wp\/v2\/product\/22516\/revisions"}],"predecessor-version":[{"id":23291,"href":"https:\/\/antiquariat-steinbach.com\/rarebooks\/wp-json\/wp\/v2\/product\/22516\/revisions\/23291"}],"wp:featuredmedia":[{"embeddable":true,"href":"https:\/\/antiquariat-steinbach.com\/rarebooks\/wp-json\/wp\/v2\/media\/22517"}],"wp:attachment":[{"href":"https:\/\/antiquariat-steinbach.com\/rarebooks\/wp-json\/wp\/v2\/media?parent=22516"}],"wp:term":[{"taxonomy":"product_brand","embeddable":true,"href":"https:\/\/antiquariat-steinbach.com\/rarebooks\/wp-json\/wp\/v2\/product_brand?post=22516"},{"taxonomy":"product_cat","embeddable":true,"href":"https:\/\/antiquariat-steinbach.com\/rarebooks\/wp-json\/wp\/v2\/product_cat?post=22516"},{"taxonomy":"product_tag","embeddable":true,"href":"https:\/\/antiquariat-steinbach.com\/rarebooks\/wp-json\/wp\/v2\/product_tag?post=22516"}],"curies":[{"name":"wp","href":"https:\/\/api.w.org\/{rel}","templated":true}]}}