{"id":2251,"date":"2026-03-12T00:04:55","date_gmt":"2026-03-11T23:04:55","guid":{"rendered":"http:\/\/antiquariat-steinbach.com\/rarebooks\/produkt\/gesammelte-werke\/"},"modified":"2026-03-12T00:04:56","modified_gmt":"2026-03-11T23:04:56","slug":"eich-guenter-gesammelte-werke","status":"publish","type":"product","link":"https:\/\/antiquariat-steinbach.com\/rarebooks\/produkt\/eich-guenter-gesammelte-werke\/","title":{"rendered":"Eich, G\u00fcnter. &#8211;  Gesammelte Werke."},"content":{"rendered":"<p>Frankfurt\/Main, Suhrkamp, 1973.<\/p>\n<p>4 volumes.  20,5 : 13 cm.<\/p>\n<p>150,00 EUR<\/p>\n","protected":false},"excerpt":{"rendered":"<p>Together ca. 2400 pages. Original cloth with original dust-jacket. First collected edition of Eich&#8217;s works, printed on thin paper. &#8211; Vol. 1: Die Gedichte. Die Maulw\u00fcrfe. &#8211; Vol. 2: Die H\u00f6rspiele. &#8211; Vol. 3: Die H\u00f6rspiele II. &#8211; Vol. 4:Vermischte Schriften. Marionettenspiele, Theaterst\u00fccke, Prosa, Notizen, Chinesisch, \u00dcb ertragungen, Schriften zur Literatur, zum eigenen Werk und zur eigenen Position, Rezenssionen. Die Reden. &#8211; W.-G. 29. Original cloth with original dust-jacket.<\/p>\n","protected":false},"featured_media":0,"template":"","meta":[],"product_brand":[],"product_cat":[29,301,32,914],"product_tag":[],"class_list":{"0":"post-2251","1":"product","2":"type-product","3":"status-publish","5":"product_cat-20-jahrhundert","6":"product_cat-gesamtausgaben","7":"product_cat-literatur","8":"product_cat-zvab","10":"first","11":"instock","12":"purchasable","13":"product-type-simple"},"_links":{"self":[{"href":"https:\/\/antiquariat-steinbach.com\/rarebooks\/wp-json\/wp\/v2\/product\/2251","targetHints":{"allow":["GET"]}}],"collection":[{"href":"https:\/\/antiquariat-steinbach.com\/rarebooks\/wp-json\/wp\/v2\/product"}],"about":[{"href":"https:\/\/antiquariat-steinbach.com\/rarebooks\/wp-json\/wp\/v2\/types\/product"}],"version-history":[{"count":3,"href":"https:\/\/antiquariat-steinbach.com\/rarebooks\/wp-json\/wp\/v2\/product\/2251\/revisions"}],"predecessor-version":[{"id":19172,"href":"https:\/\/antiquariat-steinbach.com\/rarebooks\/wp-json\/wp\/v2\/product\/2251\/revisions\/19172"}],"wp:attachment":[{"href":"https:\/\/antiquariat-steinbach.com\/rarebooks\/wp-json\/wp\/v2\/media?parent=2251"}],"wp:term":[{"taxonomy":"product_brand","embeddable":true,"href":"https:\/\/antiquariat-steinbach.com\/rarebooks\/wp-json\/wp\/v2\/product_brand?post=2251"},{"taxonomy":"product_cat","embeddable":true,"href":"https:\/\/antiquariat-steinbach.com\/rarebooks\/wp-json\/wp\/v2\/product_cat?post=2251"},{"taxonomy":"product_tag","embeddable":true,"href":"https:\/\/antiquariat-steinbach.com\/rarebooks\/wp-json\/wp\/v2\/product_tag?post=2251"}],"curies":[{"name":"wp","href":"https:\/\/api.w.org\/{rel}","templated":true}]}}