{"id":2207,"date":"2026-03-12T00:18:43","date_gmt":"2026-03-11T23:18:43","guid":{"rendered":"http:\/\/antiquariat-steinbach.com\/rarebooks\/produkt\/tabelarische-uebersicht-der-kennzeichen-der-aechtheit-und-guete-so-wie-der-verwechselungen-und-verfaelschungen-saemmtlicher-einfachen-und-zusammengesetzten-arzneimittel\/"},"modified":"2026-03-12T00:18:44","modified_gmt":"2026-03-11T23:18:44","slug":"pharmazie-ebermaier-johann-christoph-tabelarische-uebersicht-der-kennzeichen-der-aechtheit-und-guete-so-wie-der-verwechselungen-und-verfaelschungen-saemmtlicher-einfachen-und-zusammengesetzte","status":"publish","type":"product","link":"https:\/\/antiquariat-steinbach.com\/rarebooks\/produkt\/pharmazie-ebermaier-johann-christoph-tabelarische-uebersicht-der-kennzeichen-der-aechtheit-und-guete-so-wie-der-verwechselungen-und-verfaelschungen-saemmtlicher-einfachen-und-zusammengesetzte\/","title":{"rendered":"Pharmazie &#8211;   Ebermaier, Johann Christoph: &#8211;  Tabelarische \u00dcbersicht der Kennzeichen der \u00c4chtheit und G\u00fcte so wie der Verwechselungen und Verf\u00e4lschungen s\u00e4mmtlicher einfachen und zusammengesetzten Arzneimittel."},"content":{"rendered":"<p>Leipzig, Barth 1804.<\/p>\n<p>33 : 21 cm. VII, 120 Seiten, 1 Blatt Halblederband der Zeit mit R\u00fcckenvergoldung.<\/p>\n<p>150,00 EUR<\/p>\n","protected":false},"excerpt":{"rendered":"<p>Erste Ausgabe der \u00dcbersicht von Acetum Essig Weinessig bis Zincum sulphuricum Schefelsaueres Zink Zinkvitriol, anschlie\u00dfend die in der preu\u00dfischen Pharmakopoe aufgestellten neuen Arzneimittel-Bezeichnungen. &#8211; Einband etwas berieben, oberes Kapital gering defekt. &#8211; Dt. Apothker-Biographie S. 139; Schelenz S. 625; Hirsch\/H. II, 371.<\/p>\n","protected":false},"featured_media":14414,"template":"","meta":[],"product_brand":[],"product_cat":[179,150,914],"product_tag":[],"class_list":{"0":"post-2207","1":"product","2":"type-product","3":"status-publish","4":"has-post-thumbnail","6":"product_cat-medizin","7":"product_cat-pharmazie","8":"product_cat-zvab","10":"first","11":"instock","12":"purchasable","13":"product-type-simple"},"_links":{"self":[{"href":"https:\/\/antiquariat-steinbach.com\/rarebooks\/wp-json\/wp\/v2\/product\/2207","targetHints":{"allow":["GET"]}}],"collection":[{"href":"https:\/\/antiquariat-steinbach.com\/rarebooks\/wp-json\/wp\/v2\/product"}],"about":[{"href":"https:\/\/antiquariat-steinbach.com\/rarebooks\/wp-json\/wp\/v2\/types\/product"}],"version-history":[{"count":4,"href":"https:\/\/antiquariat-steinbach.com\/rarebooks\/wp-json\/wp\/v2\/product\/2207\/revisions"}],"predecessor-version":[{"id":23753,"href":"https:\/\/antiquariat-steinbach.com\/rarebooks\/wp-json\/wp\/v2\/product\/2207\/revisions\/23753"}],"wp:featuredmedia":[{"embeddable":true,"href":"https:\/\/antiquariat-steinbach.com\/rarebooks\/wp-json\/wp\/v2\/media\/14414"}],"wp:attachment":[{"href":"https:\/\/antiquariat-steinbach.com\/rarebooks\/wp-json\/wp\/v2\/media?parent=2207"}],"wp:term":[{"taxonomy":"product_brand","embeddable":true,"href":"https:\/\/antiquariat-steinbach.com\/rarebooks\/wp-json\/wp\/v2\/product_brand?post=2207"},{"taxonomy":"product_cat","embeddable":true,"href":"https:\/\/antiquariat-steinbach.com\/rarebooks\/wp-json\/wp\/v2\/product_cat?post=2207"},{"taxonomy":"product_tag","embeddable":true,"href":"https:\/\/antiquariat-steinbach.com\/rarebooks\/wp-json\/wp\/v2\/product_tag?post=2207"}],"curies":[{"name":"wp","href":"https:\/\/api.w.org\/{rel}","templated":true}]}}