{"id":2187,"date":"2026-03-12T00:04:49","date_gmt":"2026-03-11T23:04:49","guid":{"rendered":"http:\/\/antiquariat-steinbach.com\/rarebooks\/produkt\/ensembles-mobiliers\/"},"modified":"2026-03-12T00:04:50","modified_gmt":"2026-03-11T23:04:50","slug":"dufrene-maurice-ensembles-mobiliers","status":"publish","type":"product","link":"https:\/\/antiquariat-steinbach.com\/rarebooks\/produkt\/dufrene-maurice-ensembles-mobiliers\/","title":{"rendered":"Dufrene, Maurice: &#8211;  Ensembles Mobiliers."},"content":{"rendered":"<p>Paris, Moreau 1937.<\/p>\n<p>34 : 24 cm. Titel, Inhaltsverzeichniss, Einf\u00fchrung 32 doppelblattgro\u00dfe Lichtdrucktafeln. Leinenmappe mit R\u00fcckentitel und Deckelschildchen.<\/p>\n<p>680,00 EUR<\/p>\n","protected":false},"excerpt":{"rendered":"<p>Hervorragende Abbildungen der typischen 30-iger Jahre M\u00f6bel entworfen von Sanguard, Paul Follot, Lucie Renaudot, M. Dufrene u.a. &#8211; Maurice Dufrene der Herausgeber dieses seltenen Werkes ist f\u00fcr seine ARt Deco Entw\u00fcrfe bekannt und hat die Beispiele f\u00fcr dieses Werk sorgf\u00e4ltig ausgew\u00e4hlt. Selten.<\/p>\n","protected":false},"featured_media":14407,"template":"","meta":[],"product_brand":[],"product_cat":[50,232,914],"product_tag":[],"class_list":{"0":"post-2187","1":"product","2":"type-product","3":"status-publish","4":"has-post-thumbnail","6":"product_cat-kunsthandwerk","7":"product_cat-moebel","8":"product_cat-zvab","10":"first","11":"instock","12":"purchasable","13":"product-type-simple"},"_links":{"self":[{"href":"https:\/\/antiquariat-steinbach.com\/rarebooks\/wp-json\/wp\/v2\/product\/2187","targetHints":{"allow":["GET"]}}],"collection":[{"href":"https:\/\/antiquariat-steinbach.com\/rarebooks\/wp-json\/wp\/v2\/product"}],"about":[{"href":"https:\/\/antiquariat-steinbach.com\/rarebooks\/wp-json\/wp\/v2\/types\/product"}],"version-history":[{"count":3,"href":"https:\/\/antiquariat-steinbach.com\/rarebooks\/wp-json\/wp\/v2\/product\/2187\/revisions"}],"predecessor-version":[{"id":19144,"href":"https:\/\/antiquariat-steinbach.com\/rarebooks\/wp-json\/wp\/v2\/product\/2187\/revisions\/19144"}],"wp:featuredmedia":[{"embeddable":true,"href":"https:\/\/antiquariat-steinbach.com\/rarebooks\/wp-json\/wp\/v2\/media\/14407"}],"wp:attachment":[{"href":"https:\/\/antiquariat-steinbach.com\/rarebooks\/wp-json\/wp\/v2\/media?parent=2187"}],"wp:term":[{"taxonomy":"product_brand","embeddable":true,"href":"https:\/\/antiquariat-steinbach.com\/rarebooks\/wp-json\/wp\/v2\/product_brand?post=2187"},{"taxonomy":"product_cat","embeddable":true,"href":"https:\/\/antiquariat-steinbach.com\/rarebooks\/wp-json\/wp\/v2\/product_cat?post=2187"},{"taxonomy":"product_tag","embeddable":true,"href":"https:\/\/antiquariat-steinbach.com\/rarebooks\/wp-json\/wp\/v2\/product_tag?post=2187"}],"curies":[{"name":"wp","href":"https:\/\/api.w.org\/{rel}","templated":true}]}}