{"id":2099,"date":"2026-03-12T00:04:43","date_gmt":"2026-03-11T23:04:43","guid":{"rendered":"http:\/\/antiquariat-steinbach.com\/rarebooks\/produkt\/muenchhausens-reisen-und-abenteuer\/"},"modified":"2026-03-12T00:04:43","modified_gmt":"2026-03-11T23:04:43","slug":"diveky-buerger-gottfried-august-muenchhausens-reisen-und-abenteuer","status":"publish","type":"product","link":"https:\/\/antiquariat-steinbach.com\/rarebooks\/produkt\/diveky-buerger-gottfried-august-muenchhausens-reisen-und-abenteuer\/","title":{"rendered":"Div\u00e9ky &#8211;   B\u00fcrger, Gottfried August: &#8211;  M\u00fcnchhausens Reisen und Abenteuer."},"content":{"rendered":"<p>K\u00f6ln, Schaffstein o.J.(ca.1913).<\/p>\n<p>61-65. Tausend. 17,5 : 11,5  cm. 71 Seiten mit 10 (9 ganzseitigen) Illustrationen Jos. von Diveky. Illustrierter Original-Pappband.<\/p>\n<p>25,00 EUR<\/p>\n","protected":false},"excerpt":{"rendered":"<p>Mit den kongenialen Illustrationen von Diveky.<\/p>\n","protected":false},"featured_media":22532,"template":"","meta":[],"product_brand":[],"product_cat":[29,43,914],"product_tag":[],"class_list":{"0":"post-2099","1":"product","2":"type-product","3":"status-publish","4":"has-post-thumbnail","6":"product_cat-20-jahrhundert","7":"product_cat-illustrierte-buecher","8":"product_cat-zvab","10":"first","11":"instock","12":"purchasable","13":"product-type-simple"},"_links":{"self":[{"href":"https:\/\/antiquariat-steinbach.com\/rarebooks\/wp-json\/wp\/v2\/product\/2099","targetHints":{"allow":["GET"]}}],"collection":[{"href":"https:\/\/antiquariat-steinbach.com\/rarebooks\/wp-json\/wp\/v2\/product"}],"about":[{"href":"https:\/\/antiquariat-steinbach.com\/rarebooks\/wp-json\/wp\/v2\/types\/product"}],"version-history":[{"count":3,"href":"https:\/\/antiquariat-steinbach.com\/rarebooks\/wp-json\/wp\/v2\/product\/2099\/revisions"}],"predecessor-version":[{"id":19108,"href":"https:\/\/antiquariat-steinbach.com\/rarebooks\/wp-json\/wp\/v2\/product\/2099\/revisions\/19108"}],"wp:featuredmedia":[{"embeddable":true,"href":"https:\/\/antiquariat-steinbach.com\/rarebooks\/wp-json\/wp\/v2\/media\/22532"}],"wp:attachment":[{"href":"https:\/\/antiquariat-steinbach.com\/rarebooks\/wp-json\/wp\/v2\/media?parent=2099"}],"wp:term":[{"taxonomy":"product_brand","embeddable":true,"href":"https:\/\/antiquariat-steinbach.com\/rarebooks\/wp-json\/wp\/v2\/product_brand?post=2099"},{"taxonomy":"product_cat","embeddable":true,"href":"https:\/\/antiquariat-steinbach.com\/rarebooks\/wp-json\/wp\/v2\/product_cat?post=2099"},{"taxonomy":"product_tag","embeddable":true,"href":"https:\/\/antiquariat-steinbach.com\/rarebooks\/wp-json\/wp\/v2\/product_tag?post=2099"}],"curies":[{"name":"wp","href":"https:\/\/api.w.org\/{rel}","templated":true}]}}