{"id":2033,"date":"2026-03-12T00:04:39","date_gmt":"2026-03-11T23:04:39","guid":{"rendered":"http:\/\/antiquariat-steinbach.com\/rarebooks\/produkt\/die-fackel-4\/"},"modified":"2026-03-12T00:04:40","modified_gmt":"2026-03-11T23:04:40","slug":"die-fackel-kraus-karl-die-fackel-2","status":"publish","type":"product","link":"https:\/\/antiquariat-steinbach.com\/rarebooks\/produkt\/die-fackel-kraus-karl-die-fackel-2\/","title":{"rendered":"Die Fackel &#8211;   Kraus, Karl. &#8211;  Die Fackel."},"content":{"rendered":"<p>Wien, Verlag &#8218;Die Fackel&#8216;, 1916 &#8211; 1931.<\/p>\n<p>22 Inhaltsverzeichnisse. 20 : 14 cm. Jeweils 2 Blatt Titel und Inhatlverzeichnis Ungebunden.<\/p>\n<p>30,00 EUR<\/p>\n","protected":false},"excerpt":{"rendered":"<p>Epochale satirische Zeitschrift, neben den &#8218;Letzten Tagen der Menschheit&#8216; das Hauptwerk von Karl Kraus. Ohne R\u00fccksicht auf Parteipolitische oder sonstige Bindungen, sagte er dem &#8218;rei\u00dferischen Journalismus&#8216; den Kampf an, und entickelte sich so zum vermutlich bedeutensten Vork\u00e4mpfer gegen die Verwahrlosung der deutschen Sprache. &#8211; Vorhanden sind die In haltverzeichnisse zu folgenden B\u00e4nden: 52, 53,56,64,65,66,67,68,69,70,71,72,73,74,75,76,77,78,79,80,81,82,83,84.<\/p>\n","protected":false},"featured_media":0,"template":"","meta":[],"product_brand":[],"product_cat":[29,455,454,32,90,52,914],"product_tag":[],"class_list":{"0":"post-2033","1":"product","2":"type-product","3":"status-publish","5":"product_cat-20-jahrhundert","6":"product_cat-k","7":"product_cat-kraus","8":"product_cat-literatur","9":"product_cat-viennensia","10":"product_cat-zeitschriften","11":"product_cat-zvab","13":"first","14":"instock","15":"purchasable","16":"product-type-simple"},"_links":{"self":[{"href":"https:\/\/antiquariat-steinbach.com\/rarebooks\/wp-json\/wp\/v2\/product\/2033","targetHints":{"allow":["GET"]}}],"collection":[{"href":"https:\/\/antiquariat-steinbach.com\/rarebooks\/wp-json\/wp\/v2\/product"}],"about":[{"href":"https:\/\/antiquariat-steinbach.com\/rarebooks\/wp-json\/wp\/v2\/types\/product"}],"version-history":[{"count":3,"href":"https:\/\/antiquariat-steinbach.com\/rarebooks\/wp-json\/wp\/v2\/product\/2033\/revisions"}],"predecessor-version":[{"id":19098,"href":"https:\/\/antiquariat-steinbach.com\/rarebooks\/wp-json\/wp\/v2\/product\/2033\/revisions\/19098"}],"wp:attachment":[{"href":"https:\/\/antiquariat-steinbach.com\/rarebooks\/wp-json\/wp\/v2\/media?parent=2033"}],"wp:term":[{"taxonomy":"product_brand","embeddable":true,"href":"https:\/\/antiquariat-steinbach.com\/rarebooks\/wp-json\/wp\/v2\/product_brand?post=2033"},{"taxonomy":"product_cat","embeddable":true,"href":"https:\/\/antiquariat-steinbach.com\/rarebooks\/wp-json\/wp\/v2\/product_cat?post=2033"},{"taxonomy":"product_tag","embeddable":true,"href":"https:\/\/antiquariat-steinbach.com\/rarebooks\/wp-json\/wp\/v2\/product_tag?post=2033"}],"curies":[{"name":"wp","href":"https:\/\/api.w.org\/{rel}","templated":true}]}}