{"id":2031,"date":"2026-03-12T00:04:39","date_gmt":"2026-03-11T23:04:39","guid":{"rendered":"http:\/\/antiquariat-steinbach.com\/rarebooks\/produkt\/die-fackel-3\/"},"modified":"2026-03-12T00:04:40","modified_gmt":"2026-03-11T23:04:40","slug":"die-fackel-kraus-karl-die-fackel-3","status":"publish","type":"product","link":"https:\/\/antiquariat-steinbach.com\/rarebooks\/produkt\/die-fackel-kraus-karl-die-fackel-3\/","title":{"rendered":"Die Fackel &#8211;   Kraus, Karl. &#8211;  Die Fackel."},"content":{"rendered":"<p>Wien, Verlag &#8218;Die Fackel&#8216;, 1916 &#8211; 1925.<\/p>\n<p>124 Hefte in 10 B\u00e4nde der Reihe. 20 : 14 cm. Rote Original Halbleinenb\u00e4nde und Original-Pappb\u00e4nde<\/p>\n<p>180,00 EUR<\/p>\n","protected":false},"excerpt":{"rendered":"<p>Epochale satirische Zeitschrift, neben den &#8218;Letzten Tagen der Menschheit&#8216; das Hauptwerk von Karl Kraus. Ohne R\u00fccksicht auf Parteipolitische oder sonstige Bindungen, sagte er dem &#8218;rei\u00dferischen Journalismus&#8216; den Kampf an, und entickelte sich so zum vermutlich bedeutensten Vork\u00e4mpfer gegen die Verwahrlosung der deutschen Sprache. &#8211; Vorhanden sind die B\u00e4nde 54 -75 mit folgenden Heften:  Bd. 54 Hefte 437-444 &#8211; Bd. 59 Hefte 484-498 &#8211; Bd. 60 Hefte 499-507 &#8211; Bd. 61\/62 Hefte 508-518 und 519-530 &#8211; Bd. 70 Hefte 613 -631 &#8211; Bd. 71 Hefte 640-675 &#8211; Bd. 75 Hefte 697-711 &#8211; Dazu: Hefte 501-507 in Hlwd.-Bd. &#8211; Hefte 847-867 Ppbd. &#8211; Die Original-Umchl\u00e4ge sind teilweise eingebunden.<\/p>\n","protected":false},"featured_media":0,"template":"","meta":[],"product_brand":[],"product_cat":[29,32,90,52,914],"product_tag":[],"class_list":{"0":"post-2031","1":"product","2":"type-product","3":"status-publish","5":"product_cat-20-jahrhundert","6":"product_cat-literatur","7":"product_cat-viennensia","8":"product_cat-zeitschriften","9":"product_cat-zvab","11":"first","12":"instock","13":"purchasable","14":"product-type-simple"},"_links":{"self":[{"href":"https:\/\/antiquariat-steinbach.com\/rarebooks\/wp-json\/wp\/v2\/product\/2031","targetHints":{"allow":["GET"]}}],"collection":[{"href":"https:\/\/antiquariat-steinbach.com\/rarebooks\/wp-json\/wp\/v2\/product"}],"about":[{"href":"https:\/\/antiquariat-steinbach.com\/rarebooks\/wp-json\/wp\/v2\/types\/product"}],"version-history":[{"count":3,"href":"https:\/\/antiquariat-steinbach.com\/rarebooks\/wp-json\/wp\/v2\/product\/2031\/revisions"}],"predecessor-version":[{"id":19099,"href":"https:\/\/antiquariat-steinbach.com\/rarebooks\/wp-json\/wp\/v2\/product\/2031\/revisions\/19099"}],"wp:attachment":[{"href":"https:\/\/antiquariat-steinbach.com\/rarebooks\/wp-json\/wp\/v2\/media?parent=2031"}],"wp:term":[{"taxonomy":"product_brand","embeddable":true,"href":"https:\/\/antiquariat-steinbach.com\/rarebooks\/wp-json\/wp\/v2\/product_brand?post=2031"},{"taxonomy":"product_cat","embeddable":true,"href":"https:\/\/antiquariat-steinbach.com\/rarebooks\/wp-json\/wp\/v2\/product_cat?post=2031"},{"taxonomy":"product_tag","embeddable":true,"href":"https:\/\/antiquariat-steinbach.com\/rarebooks\/wp-json\/wp\/v2\/product_tag?post=2031"}],"curies":[{"name":"wp","href":"https:\/\/api.w.org\/{rel}","templated":true}]}}