{"id":2005,"date":"2026-03-12T00:04:37","date_gmt":"2026-03-11T23:04:37","guid":{"rendered":"http:\/\/antiquariat-steinbach.com\/rarebooks\/produkt\/deutsches-maedchenbuch-ein-jahrbuch-der-unterhaltung-belehrung-und-beschaeftigung-fuer-jnge-maedchen\/"},"modified":"2026-03-12T00:04:38","modified_gmt":"2026-03-11T23:04:38","slug":"deutsches-maedchenbuch-ein-jahrbuch-der-unterhaltung-belehrung-und-beschaeftigung-fuer-jnge-maedchen","status":"publish","type":"product","link":"https:\/\/antiquariat-steinbach.com\/rarebooks\/produkt\/deutsches-maedchenbuch-ein-jahrbuch-der-unterhaltung-belehrung-und-beschaeftigung-fuer-jnge-maedchen\/","title":{"rendered":"Deutsches M\u00e4dchenbuch. Ein Jahrbuch der Unterhaltung, Belehrung und Besch\u00e4ftigung f\u00fcr jnge M\u00e4dchen."},"content":{"rendered":"<p>Stuttgart, Thienemann, 1906.<\/p>\n<p>Band 7. 24 : 15 cm. 394 Seiten mit vielen Illustrationen und farbigen Tafeln. Farbig illustrierter Original-Leinenband.<\/p>\n<p>25,00 EUR<\/p>\n","protected":false},"excerpt":{"rendered":"<p>Buchblock gering gelockert, Kanten gering berieben.<\/p>\n","protected":false},"featured_media":0,"template":"","meta":[],"product_brand":[],"product_cat":[307,60,914],"product_tag":[],"class_list":{"0":"post-2005","1":"product","2":"type-product","3":"status-publish","5":"product_cat-jugendbuecher","6":"product_cat-kinderbuecher","7":"product_cat-zvab","9":"first","10":"instock","11":"purchasable","12":"product-type-simple"},"_links":{"self":[{"href":"https:\/\/antiquariat-steinbach.com\/rarebooks\/wp-json\/wp\/v2\/product\/2005","targetHints":{"allow":["GET"]}}],"collection":[{"href":"https:\/\/antiquariat-steinbach.com\/rarebooks\/wp-json\/wp\/v2\/product"}],"about":[{"href":"https:\/\/antiquariat-steinbach.com\/rarebooks\/wp-json\/wp\/v2\/types\/product"}],"version-history":[{"count":2,"href":"https:\/\/antiquariat-steinbach.com\/rarebooks\/wp-json\/wp\/v2\/product\/2005\/revisions"}],"predecessor-version":[{"id":10498,"href":"https:\/\/antiquariat-steinbach.com\/rarebooks\/wp-json\/wp\/v2\/product\/2005\/revisions\/10498"}],"wp:attachment":[{"href":"https:\/\/antiquariat-steinbach.com\/rarebooks\/wp-json\/wp\/v2\/media?parent=2005"}],"wp:term":[{"taxonomy":"product_brand","embeddable":true,"href":"https:\/\/antiquariat-steinbach.com\/rarebooks\/wp-json\/wp\/v2\/product_brand?post=2005"},{"taxonomy":"product_cat","embeddable":true,"href":"https:\/\/antiquariat-steinbach.com\/rarebooks\/wp-json\/wp\/v2\/product_cat?post=2005"},{"taxonomy":"product_tag","embeddable":true,"href":"https:\/\/antiquariat-steinbach.com\/rarebooks\/wp-json\/wp\/v2\/product_tag?post=2005"}],"curies":[{"name":"wp","href":"https:\/\/api.w.org\/{rel}","templated":true}]}}