{"id":1977,"date":"2026-03-12T00:04:35","date_gmt":"2026-03-11T23:04:35","guid":{"rendered":"http:\/\/antiquariat-steinbach.com\/rarebooks\/produkt\/der-schoenheitskoenigin-frau-pauly-ditze-zum-geburtstag-gewidmet-von-ihrer-hansi\/"},"modified":"2026-03-12T00:04:35","modified_gmt":"2026-03-11T23:04:35","slug":"der-schoenheitskoenigin-frau-pauly-ditze-zum-geburtstag-gewidmet-von-ihrer-hansi","status":"publish","type":"product","link":"https:\/\/antiquariat-steinbach.com\/rarebooks\/produkt\/der-schoenheitskoenigin-frau-pauly-ditze-zum-geburtstag-gewidmet-von-ihrer-hansi\/","title":{"rendered":"Der &#8222;Sch\u00f6nheitsk\u00f6nigin&#8220; Frau Pauly Ditze zum Geburtstag gewidmet von Ihrer Hansi."},"content":{"rendered":"<p>Bad Gastein, 1945 &#8211; 1946.<\/p>\n<p>16 : 12,5 cm. 33 handgeschriebene mit farbigen Illustrationen, ca 100 leere Seiten. Leinenband der Zeit<\/p>\n<p>250,00 EUR<\/p>\n","protected":false},"excerpt":{"rendered":"<p>Kaligraphisch sehr sch\u00f6n geschriebenes und fein uillustriertes Album an eine Frau Pauly Ditze von ihrer Verehrerin namens Hansi. Zu Beginn sind die Eintrgungen noch f\u00f6rmlich, werde dann aber immer intiemer. Geburtstagw\u00fcnsche, Neujahrsw\u00fcnsche, Erinnerungen etc.<\/p>\n","protected":false},"featured_media":25946,"template":"","meta":[],"product_brand":[],"product_cat":[71,186,152,147,914],"product_tag":[],"class_list":{"0":"post-1977","1":"product","2":"type-product","3":"status-publish","4":"has-post-thumbnail","6":"product_cat-austriaca","7":"product_cat-autographen","8":"product_cat-erotica","9":"product_cat-manuskripte","10":"product_cat-zvab","12":"first","13":"instock","14":"purchasable","15":"product-type-simple"},"_links":{"self":[{"href":"https:\/\/antiquariat-steinbach.com\/rarebooks\/wp-json\/wp\/v2\/product\/1977","targetHints":{"allow":["GET"]}}],"collection":[{"href":"https:\/\/antiquariat-steinbach.com\/rarebooks\/wp-json\/wp\/v2\/product"}],"about":[{"href":"https:\/\/antiquariat-steinbach.com\/rarebooks\/wp-json\/wp\/v2\/types\/product"}],"version-history":[{"count":3,"href":"https:\/\/antiquariat-steinbach.com\/rarebooks\/wp-json\/wp\/v2\/product\/1977\/revisions"}],"predecessor-version":[{"id":27671,"href":"https:\/\/antiquariat-steinbach.com\/rarebooks\/wp-json\/wp\/v2\/product\/1977\/revisions\/27671"}],"wp:featuredmedia":[{"embeddable":true,"href":"https:\/\/antiquariat-steinbach.com\/rarebooks\/wp-json\/wp\/v2\/media\/25946"}],"wp:attachment":[{"href":"https:\/\/antiquariat-steinbach.com\/rarebooks\/wp-json\/wp\/v2\/media?parent=1977"}],"wp:term":[{"taxonomy":"product_brand","embeddable":true,"href":"https:\/\/antiquariat-steinbach.com\/rarebooks\/wp-json\/wp\/v2\/product_brand?post=1977"},{"taxonomy":"product_cat","embeddable":true,"href":"https:\/\/antiquariat-steinbach.com\/rarebooks\/wp-json\/wp\/v2\/product_cat?post=1977"},{"taxonomy":"product_tag","embeddable":true,"href":"https:\/\/antiquariat-steinbach.com\/rarebooks\/wp-json\/wp\/v2\/product_tag?post=1977"}],"curies":[{"name":"wp","href":"https:\/\/api.w.org\/{rel}","templated":true}]}}