{"id":1973,"date":"2026-03-12T00:04:35","date_gmt":"2026-03-11T23:04:35","guid":{"rendered":"http:\/\/antiquariat-steinbach.com\/rarebooks\/produkt\/der-piperbote-fuer-kunst-und-literatur\/"},"modified":"2026-03-12T00:04:35","modified_gmt":"2026-03-11T23:04:35","slug":"der-piperbote-fuer-kunst-und-literatur","status":"publish","type":"product","link":"https:\/\/antiquariat-steinbach.com\/rarebooks\/produkt\/der-piperbote-fuer-kunst-und-literatur\/","title":{"rendered":"Der Piperbote f\u00fcr Kunst und Literatur."},"content":{"rendered":"<p>M\u00fcnchen, Piper, 1924.<\/p>\n<p>Viertes Heft, Winter 1924. 23,5 : 16 cm. Mit 8 Tafeln und vielen Illustrationen. Original Umschlag.<\/p>\n<p>20,00 EUR<\/p>\n","protected":false},"excerpt":{"rendered":"<p>Mit Beitr\u00e4gen von Hugo von Hofmannsthal: Denkm\u00e4ler des Theaters &#8211; Der Dostojewski Nachla\u00df &#8211; Deutscher Humor aus f\u00fcfn Jahrhunderten etc.<\/p>\n","protected":false},"featured_media":0,"template":"","meta":[],"product_brand":[],"product_cat":[29,43,105,32,444,914],"product_tag":[],"class_list":{"0":"post-1973","1":"product","2":"type-product","3":"status-publish","5":"product_cat-20-jahrhundert","6":"product_cat-illustrierte-buecher","7":"product_cat-kunst","8":"product_cat-literatur","9":"product_cat-piper-vlg","10":"product_cat-zvab","12":"first","13":"instock","14":"purchasable","15":"product-type-simple"},"_links":{"self":[{"href":"https:\/\/antiquariat-steinbach.com\/rarebooks\/wp-json\/wp\/v2\/product\/1973","targetHints":{"allow":["GET"]}}],"collection":[{"href":"https:\/\/antiquariat-steinbach.com\/rarebooks\/wp-json\/wp\/v2\/product"}],"about":[{"href":"https:\/\/antiquariat-steinbach.com\/rarebooks\/wp-json\/wp\/v2\/types\/product"}],"version-history":[{"count":2,"href":"https:\/\/antiquariat-steinbach.com\/rarebooks\/wp-json\/wp\/v2\/product\/1973\/revisions"}],"predecessor-version":[{"id":10482,"href":"https:\/\/antiquariat-steinbach.com\/rarebooks\/wp-json\/wp\/v2\/product\/1973\/revisions\/10482"}],"wp:attachment":[{"href":"https:\/\/antiquariat-steinbach.com\/rarebooks\/wp-json\/wp\/v2\/media?parent=1973"}],"wp:term":[{"taxonomy":"product_brand","embeddable":true,"href":"https:\/\/antiquariat-steinbach.com\/rarebooks\/wp-json\/wp\/v2\/product_brand?post=1973"},{"taxonomy":"product_cat","embeddable":true,"href":"https:\/\/antiquariat-steinbach.com\/rarebooks\/wp-json\/wp\/v2\/product_cat?post=1973"},{"taxonomy":"product_tag","embeddable":true,"href":"https:\/\/antiquariat-steinbach.com\/rarebooks\/wp-json\/wp\/v2\/product_tag?post=1973"}],"curies":[{"name":"wp","href":"https:\/\/api.w.org\/{rel}","templated":true}]}}