{"id":1967,"date":"2026-03-12T00:04:33","date_gmt":"2026-03-11T23:04:33","guid":{"rendered":"http:\/\/antiquariat-steinbach.com\/rarebooks\/produkt\/denkwuerdigkeiten-und-geheime-geschichten-des-petersburger-hofes\/"},"modified":"2026-03-12T00:04:34","modified_gmt":"2026-03-11T23:04:34","slug":"denkwuerdigkeiten-und-geheime-geschichten-des-petersburger-hofes","status":"publish","type":"product","link":"https:\/\/antiquariat-steinbach.com\/rarebooks\/produkt\/denkwuerdigkeiten-und-geheime-geschichten-des-petersburger-hofes\/","title":{"rendered":"Denkw\u00fcrdigkeiten  und Geheime Geschichten des Petersburger Hofes."},"content":{"rendered":"<p>Leipzig, Reclam jun., 1845.<\/p>\n<p>17 ; 12 cm. VI, 362 Seiten. Leinenband der Zeit mit R\u00fcckenvergoldung.<\/p>\n<p>80,00 EUR<\/p>\n","protected":false},"excerpt":{"rendered":"<p>Erste Ausgabe. &#8211; Hof- und Sittengeschichte von St. Petersburg, von den Anf\u00e4ngen der Stadt unter Peter dem Gro\u00dfen bis zum Tode der Gro\u00dff\u00fcrstin Romanowa 1844. \u00dcber Intrigen, Thronrevolution, Brautwerbung, Verschw\u00f6rungen etc. &#8211; gering gebr\u00e4unt, Titel it kleinem Sammlerstempel.<\/p>\n","protected":false},"featured_media":14372,"template":"","meta":[],"product_brand":[],"product_cat":[97,59,180,914],"product_tag":[],"class_list":{"0":"post-1967","1":"product","2":"type-product","3":"status-publish","4":"has-post-thumbnail","6":"product_cat-geschichte","7":"product_cat-kulturgeschichte","8":"product_cat-russland","9":"product_cat-zvab","11":"first","12":"instock","13":"purchasable","14":"product-type-simple"},"_links":{"self":[{"href":"https:\/\/antiquariat-steinbach.com\/rarebooks\/wp-json\/wp\/v2\/product\/1967","targetHints":{"allow":["GET"]}}],"collection":[{"href":"https:\/\/antiquariat-steinbach.com\/rarebooks\/wp-json\/wp\/v2\/product"}],"about":[{"href":"https:\/\/antiquariat-steinbach.com\/rarebooks\/wp-json\/wp\/v2\/types\/product"}],"version-history":[{"count":2,"href":"https:\/\/antiquariat-steinbach.com\/rarebooks\/wp-json\/wp\/v2\/product\/1967\/revisions"}],"predecessor-version":[{"id":10479,"href":"https:\/\/antiquariat-steinbach.com\/rarebooks\/wp-json\/wp\/v2\/product\/1967\/revisions\/10479"}],"wp:featuredmedia":[{"embeddable":true,"href":"https:\/\/antiquariat-steinbach.com\/rarebooks\/wp-json\/wp\/v2\/media\/14372"}],"wp:attachment":[{"href":"https:\/\/antiquariat-steinbach.com\/rarebooks\/wp-json\/wp\/v2\/media?parent=1967"}],"wp:term":[{"taxonomy":"product_brand","embeddable":true,"href":"https:\/\/antiquariat-steinbach.com\/rarebooks\/wp-json\/wp\/v2\/product_brand?post=1967"},{"taxonomy":"product_cat","embeddable":true,"href":"https:\/\/antiquariat-steinbach.com\/rarebooks\/wp-json\/wp\/v2\/product_cat?post=1967"},{"taxonomy":"product_tag","embeddable":true,"href":"https:\/\/antiquariat-steinbach.com\/rarebooks\/wp-json\/wp\/v2\/product_tag?post=1967"}],"curies":[{"name":"wp","href":"https:\/\/api.w.org\/{rel}","templated":true}]}}