{"id":1901,"date":"2026-03-12T00:14:42","date_gmt":"2026-03-11T23:14:42","guid":{"rendered":"http:\/\/antiquariat-steinbach.com\/rarebooks\/produkt\/gemaelde-des-wiener-kongresses-1814-1815-erinnerungen-feste-sittenschilderungen-anekdoten\/"},"modified":"2026-03-12T00:14:43","modified_gmt":"2026-03-11T23:14:43","slug":"literatur-de-la-garde-graf-gemaelde-des-wiener-kongresses-1814-1815-erinnerungen-feste-sittenschilderungen-anekdoten","status":"publish","type":"product","link":"https:\/\/antiquariat-steinbach.com\/rarebooks\/produkt\/literatur-de-la-garde-graf-gemaelde-des-wiener-kongresses-1814-1815-erinnerungen-feste-sittenschilderungen-anekdoten\/","title":{"rendered":"Literatur &#8211;   De la Garde, Graf. &#8211;  Gem\u00e4lde des Wiener Kongresses 1814 &#8211; 1815. Erinnerungen &#8211; Feste &#8211; Sittenschilderungen &#8211; Anekdoten."},"content":{"rendered":"<p>M\u00fcnchen, Georg M\u00fcller, 1912.<\/p>\n<p>2 B\u00e4nde. 21,5 : 14 cm. 403 Seiten, 1 Blatt; 440 Seiten, m it zusammen 56 Tafeln. Rote Original Halblederb\u00e4ne mit reicher R\u00fcckenvergoldung.<\/p>\n<p>135,00 EUR<\/p>\n","protected":false},"excerpt":{"rendered":"<p>Denkw\u00fcrdigkeiten aus Alt\u00f6sterreich. &#8211; Sehr sch\u00f6nes Exemplar.<\/p>\n","protected":false},"featured_media":25131,"template":"","meta":[],"product_brand":[],"product_cat":[71,97,59,190,914],"product_tag":[],"class_list":{"0":"post-1901","1":"product","2":"type-product","3":"status-publish","4":"has-post-thumbnail","6":"product_cat-austriaca","7":"product_cat-geschichte","8":"product_cat-kulturgeschichte","9":"product_cat-politik","10":"product_cat-zvab","12":"first","13":"instock","14":"purchasable","15":"product-type-simple"},"_links":{"self":[{"href":"https:\/\/antiquariat-steinbach.com\/rarebooks\/wp-json\/wp\/v2\/product\/1901","targetHints":{"allow":["GET"]}}],"collection":[{"href":"https:\/\/antiquariat-steinbach.com\/rarebooks\/wp-json\/wp\/v2\/product"}],"about":[{"href":"https:\/\/antiquariat-steinbach.com\/rarebooks\/wp-json\/wp\/v2\/types\/product"}],"version-history":[{"count":5,"href":"https:\/\/antiquariat-steinbach.com\/rarebooks\/wp-json\/wp\/v2\/product\/1901\/revisions"}],"predecessor-version":[{"id":28767,"href":"https:\/\/antiquariat-steinbach.com\/rarebooks\/wp-json\/wp\/v2\/product\/1901\/revisions\/28767"}],"wp:featuredmedia":[{"embeddable":true,"href":"https:\/\/antiquariat-steinbach.com\/rarebooks\/wp-json\/wp\/v2\/media\/25131"}],"wp:attachment":[{"href":"https:\/\/antiquariat-steinbach.com\/rarebooks\/wp-json\/wp\/v2\/media?parent=1901"}],"wp:term":[{"taxonomy":"product_brand","embeddable":true,"href":"https:\/\/antiquariat-steinbach.com\/rarebooks\/wp-json\/wp\/v2\/product_brand?post=1901"},{"taxonomy":"product_cat","embeddable":true,"href":"https:\/\/antiquariat-steinbach.com\/rarebooks\/wp-json\/wp\/v2\/product_cat?post=1901"},{"taxonomy":"product_tag","embeddable":true,"href":"https:\/\/antiquariat-steinbach.com\/rarebooks\/wp-json\/wp\/v2\/product_tag?post=1901"}],"curies":[{"name":"wp","href":"https:\/\/api.w.org\/{rel}","templated":true}]}}