{"id":1875,"date":"2026-03-12T00:04:27","date_gmt":"2026-03-11T23:04:27","guid":{"rendered":"http:\/\/antiquariat-steinbach.com\/rarebooks\/produkt\/das-fahrers-hinkender-bote-neuer-historischer-kalender-fuer-den-buerger-und-landmann-auf-das-jahr-1893\/"},"modified":"2026-03-12T00:04:27","modified_gmt":"2026-03-11T23:04:27","slug":"das-fahrers-hinkender-bote-neuer-historischer-kalender-fuer-den-buerger-und-landmann-auf-das-jahr-1893","status":"publish","type":"product","link":"https:\/\/antiquariat-steinbach.com\/rarebooks\/produkt\/das-fahrers-hinkender-bote-neuer-historischer-kalender-fuer-den-buerger-und-landmann-auf-das-jahr-1893\/","title":{"rendered":"Das Fahrers hinkender Bote neuer historischer Kalender f\u00fcr den B\u00fcrger und Landmann auf das Jahr 1893."},"content":{"rendered":"<p>Lahr, Geiger, 1893.<\/p>\n<p>23 : 17,5 cm. 95 Seiten mit einigen Illustrationen, 4 Blatt. Original Umschlag.<\/p>\n<p>48,00 EUR<\/p>\n","protected":false},"excerpt":{"rendered":"<p>Neben dem ausf\u00fchrlichen Kalendarium, mehrere literarische Beitr\u00e4ge. &#8211; Vorderer Umschlag mit einigen winzigen Einrissen, papierbedingt etwas gebr\u00e4unt.<\/p>\n","protected":false},"featured_media":0,"template":"","meta":[],"product_brand":[],"product_cat":[74,117,32,914],"product_tag":[],"class_list":{"0":"post-1875","1":"product","2":"type-product","3":"status-publish","5":"product_cat-deutschland","6":"product_cat-kalender","7":"product_cat-literatur","8":"product_cat-zvab","10":"first","11":"instock","12":"purchasable","13":"product-type-simple"},"_links":{"self":[{"href":"https:\/\/antiquariat-steinbach.com\/rarebooks\/wp-json\/wp\/v2\/product\/1875","targetHints":{"allow":["GET"]}}],"collection":[{"href":"https:\/\/antiquariat-steinbach.com\/rarebooks\/wp-json\/wp\/v2\/product"}],"about":[{"href":"https:\/\/antiquariat-steinbach.com\/rarebooks\/wp-json\/wp\/v2\/types\/product"}],"version-history":[{"count":2,"href":"https:\/\/antiquariat-steinbach.com\/rarebooks\/wp-json\/wp\/v2\/product\/1875\/revisions"}],"predecessor-version":[{"id":10433,"href":"https:\/\/antiquariat-steinbach.com\/rarebooks\/wp-json\/wp\/v2\/product\/1875\/revisions\/10433"}],"wp:attachment":[{"href":"https:\/\/antiquariat-steinbach.com\/rarebooks\/wp-json\/wp\/v2\/media?parent=1875"}],"wp:term":[{"taxonomy":"product_brand","embeddable":true,"href":"https:\/\/antiquariat-steinbach.com\/rarebooks\/wp-json\/wp\/v2\/product_brand?post=1875"},{"taxonomy":"product_cat","embeddable":true,"href":"https:\/\/antiquariat-steinbach.com\/rarebooks\/wp-json\/wp\/v2\/product_cat?post=1875"},{"taxonomy":"product_tag","embeddable":true,"href":"https:\/\/antiquariat-steinbach.com\/rarebooks\/wp-json\/wp\/v2\/product_tag?post=1875"}],"curies":[{"name":"wp","href":"https:\/\/api.w.org\/{rel}","templated":true}]}}