{"id":1867,"date":"2026-03-12T00:16:06","date_gmt":"2026-03-11T23:16:06","guid":{"rendered":"http:\/\/antiquariat-steinbach.com\/rarebooks\/produkt\/magie-und-geheimwissenschaft-in-ihrer-bedeutung-fuer-kultur-und-kulturgeschichte\/"},"modified":"2026-03-12T00:16:07","modified_gmt":"2026-03-11T23:16:07","slug":"magie-danzel-theodor-wilhelm-magie-und-geheimwissenschaft-in-ihrer-bedeutung-fuer-kultur-und-kulturgeschichte","status":"publish","type":"product","link":"https:\/\/antiquariat-steinbach.com\/rarebooks\/produkt\/magie-danzel-theodor-wilhelm-magie-und-geheimwissenschaft-in-ihrer-bedeutung-fuer-kultur-und-kulturgeschichte\/","title":{"rendered":"Magie &#8211;   Danzel, Theodor-Wilhelm: &#8211;  Magie und Geheimwissenschaft in ihrer Bedeutung f\u00fcr Kultur und Kulturgeschichte."},"content":{"rendered":"<p>Stuttgart, Strecker und Schr\u00f6der 1924.<\/p>\n<p>21,5 : 15 cm. XV, 213 Seiten, 1 Blatt Mit 1 Tafel und 37 Abbildungen. Illustrierter Original-Leinenband.<\/p>\n<p>25,00 EUR<\/p>\n","protected":false},"excerpt":{"rendered":"<p>\u00dcber Religion und Magie 8\u00edn verschiedenen Teilen der Welt &#8211; Amerika, Asien etc. \u00fcber Kabbala und Alchemie, Erkenntnisweisen und heutige M\u00f6glichkeiten der Deutungskunst.<\/p>\n","protected":false},"featured_media":17239,"template":"","meta":[],"product_brand":[],"product_cat":[59,429,430,914],"product_tag":[],"class_list":{"0":"post-1867","1":"product","2":"type-product","3":"status-publish","4":"has-post-thumbnail","6":"product_cat-kulturgeschichte","7":"product_cat-magie","8":"product_cat-okkultismus","9":"product_cat-zvab","11":"first","12":"instock","13":"purchasable","14":"product-type-simple"},"_links":{"self":[{"href":"https:\/\/antiquariat-steinbach.com\/rarebooks\/wp-json\/wp\/v2\/product\/1867","targetHints":{"allow":["GET"]}}],"collection":[{"href":"https:\/\/antiquariat-steinbach.com\/rarebooks\/wp-json\/wp\/v2\/product"}],"about":[{"href":"https:\/\/antiquariat-steinbach.com\/rarebooks\/wp-json\/wp\/v2\/types\/product"}],"version-history":[{"count":4,"href":"https:\/\/antiquariat-steinbach.com\/rarebooks\/wp-json\/wp\/v2\/product\/1867\/revisions"}],"predecessor-version":[{"id":20702,"href":"https:\/\/antiquariat-steinbach.com\/rarebooks\/wp-json\/wp\/v2\/product\/1867\/revisions\/20702"}],"wp:featuredmedia":[{"embeddable":true,"href":"https:\/\/antiquariat-steinbach.com\/rarebooks\/wp-json\/wp\/v2\/media\/17239"}],"wp:attachment":[{"href":"https:\/\/antiquariat-steinbach.com\/rarebooks\/wp-json\/wp\/v2\/media?parent=1867"}],"wp:term":[{"taxonomy":"product_brand","embeddable":true,"href":"https:\/\/antiquariat-steinbach.com\/rarebooks\/wp-json\/wp\/v2\/product_brand?post=1867"},{"taxonomy":"product_cat","embeddable":true,"href":"https:\/\/antiquariat-steinbach.com\/rarebooks\/wp-json\/wp\/v2\/product_cat?post=1867"},{"taxonomy":"product_tag","embeddable":true,"href":"https:\/\/antiquariat-steinbach.com\/rarebooks\/wp-json\/wp\/v2\/product_tag?post=1867"}],"curies":[{"name":"wp","href":"https:\/\/api.w.org\/{rel}","templated":true}]}}