{"id":1847,"date":"2026-03-12T00:04:25","date_gmt":"2026-03-11T23:04:25","guid":{"rendered":"http:\/\/antiquariat-steinbach.com\/rarebooks\/produkt\/salvator-dali-retrospective-1920-1980\/"},"modified":"2026-03-12T00:04:25","modified_gmt":"2026-03-11T23:04:25","slug":"dali-hulten-pontus-salvator-dali-retrospective-1920-1980","status":"publish","type":"product","link":"https:\/\/antiquariat-steinbach.com\/rarebooks\/produkt\/dali-hulten-pontus-salvator-dali-retrospective-1920-1980\/","title":{"rendered":"Dali &#8211;   Hulten Pontus. &#8211;  Salvator Dal\u00ed. r\u00e9trospective 1920 &#8211; 1980."},"content":{"rendered":"<p>Paris, Centre Pompidou, 1979.<\/p>\n<p>second\u00e9 \u00e9dition revue et corrig\u00e9e. 30 : 21 cm. 414 pages with 342 partly coloured illustrations. Coloured illustrated cloth.<\/p>\n<p>40,00 EUR<\/p>\n","protected":false},"excerpt":{"rendered":"<p>Contains: Les source catalanes de Salvador Dal\u00ed &#8211; Mon amie et la plage &#8211; Salvator Dal\u00ed et Luis Bu\u00f1el &#8211; Un Chien andalou &#8211; L&#8217;Age d&#8217;or &#8211; Les id\u00e9es lumineuses &#8211; Dal\u00ed \u00e9crivain &#8211; Cinquante ans de cin\u00e9ma dalinien etc. &#8211; Profusely illustrated.<\/p>\n","protected":false},"featured_media":14347,"template":"","meta":[],"product_brand":[],"product_cat":[29,197,40,30,101,210,914],"product_tag":[],"class_list":{"0":"post-1847","1":"product","2":"type-product","3":"status-publish","4":"has-post-thumbnail","6":"product_cat-20-jahrhundert","7":"product_cat-film","8":"product_cat-kuenstlermonographien","9":"product_cat-malerei","10":"product_cat-werkverzeichnis","11":"product_cat-world-exhibition","12":"product_cat-zvab","14":"first","15":"instock","16":"purchasable","17":"product-type-simple"},"_links":{"self":[{"href":"https:\/\/antiquariat-steinbach.com\/rarebooks\/wp-json\/wp\/v2\/product\/1847","targetHints":{"allow":["GET"]}}],"collection":[{"href":"https:\/\/antiquariat-steinbach.com\/rarebooks\/wp-json\/wp\/v2\/product"}],"about":[{"href":"https:\/\/antiquariat-steinbach.com\/rarebooks\/wp-json\/wp\/v2\/types\/product"}],"version-history":[{"count":3,"href":"https:\/\/antiquariat-steinbach.com\/rarebooks\/wp-json\/wp\/v2\/product\/1847\/revisions"}],"predecessor-version":[{"id":19044,"href":"https:\/\/antiquariat-steinbach.com\/rarebooks\/wp-json\/wp\/v2\/product\/1847\/revisions\/19044"}],"wp:featuredmedia":[{"embeddable":true,"href":"https:\/\/antiquariat-steinbach.com\/rarebooks\/wp-json\/wp\/v2\/media\/14347"}],"wp:attachment":[{"href":"https:\/\/antiquariat-steinbach.com\/rarebooks\/wp-json\/wp\/v2\/media?parent=1847"}],"wp:term":[{"taxonomy":"product_brand","embeddable":true,"href":"https:\/\/antiquariat-steinbach.com\/rarebooks\/wp-json\/wp\/v2\/product_brand?post=1847"},{"taxonomy":"product_cat","embeddable":true,"href":"https:\/\/antiquariat-steinbach.com\/rarebooks\/wp-json\/wp\/v2\/product_cat?post=1847"},{"taxonomy":"product_tag","embeddable":true,"href":"https:\/\/antiquariat-steinbach.com\/rarebooks\/wp-json\/wp\/v2\/product_tag?post=1847"}],"curies":[{"name":"wp","href":"https:\/\/api.w.org\/{rel}","templated":true}]}}