{"id":1797,"date":"2026-03-12T00:04:21","date_gmt":"2026-03-11T23:04:21","guid":{"rendered":"http:\/\/antiquariat-steinbach.com\/rarebooks\/produkt\/die-geschichte-von-ulenspiegel-und-lamme-goedzak-und-ihrer-heldenmaessigen-fruehlichen-und-glorreichen-abenteuern-im-lande-flandern-und-anderwaerts-deutsch-von-karl-wolfkehl\/"},"modified":"2026-03-12T00:04:21","modified_gmt":"2026-03-11T23:04:21","slug":"coster-cahrles-de-die-geschichte-von-ulenspiegel-und-lamme-goedzak-und-ihrer-heldenmaessigen-froehlichen-und-glorreichen-abenteuern-im-lande-flandern-und-anderwaerts-deutsch-von-karl-wolfkehl","status":"publish","type":"product","link":"https:\/\/antiquariat-steinbach.com\/rarebooks\/produkt\/coster-cahrles-de-die-geschichte-von-ulenspiegel-und-lamme-goedzak-und-ihrer-heldenmaessigen-froehlichen-und-glorreichen-abenteuern-im-lande-flandern-und-anderwaerts-deutsch-von-karl-wolfkehl\/","title":{"rendered":"Coster, Cahrles de. &#8211;  Die Geschichte von Ulenspiegel und Lamme Goedzak und ihrer heldenm\u00e4\u00dfigen, fr\u00f6hlichen und glorreichen Abenteuern im Lande Flandern und anderw\u00e4rts. Deutsch von Karl Wolfkehl."},"content":{"rendered":"<p>Munich. Kur Wolff, 1926.<\/p>\n<p>2 volumes.  26,5 : 20 cm. XLIII, 496 pages, 2 leaves; 534 pages, 3 leaves, with 150 (50 full-page) woodcuts and 18 woodcut initials by Frans Masareel. Illustrated original vellum with black title on spine, vignettes on boards.<\/p>\n<p>1500,00 EUR<\/p>\n","protected":false},"excerpt":{"rendered":"<p>One of 100 numbered copies of the deluxe edition with the original woodcuts by Frans Masereel printed from the original blocks on van Gelder-B\u00fctten. A large paper copy. &#8211; &#8222;Der ausgesprochene Sinn Masereels f\u00fcr Freiheit und Gerechtigkeit war bestimmt von den farbenrohen Schilderungen der heldenm\u00e4\u00dfigen, fr\u00f6hlichen und glorreichen Taten des Tyll Ulenspiegel des Charles de Costerangesprochen worden. Nach Anregung von Kurt Wolff hatte Masereel eine Reihe von Holzsachnittillustrationen zu Costers Buch angefertigt5 (&#8230;) Und knapp 40 Jahre sp\u00e4ter betrachtete der K\u00fcnstler seine damaligen Bilder als seine gelungensten Illustrationen \u00fcberhaupt&#8220; (Papierges\u00e4nge, Seite 150). Henry van der Velde bem\u00fchte sich \u00fcbrigens bis 1937 ohne Erfolg um eine belgische Ausgabe des Buches. &#8211;  Bindings partly  dusty, inside a fine clean copy. &#8211; G\u00f6bel 657; Ritter C a 33.<\/p>\n","protected":false},"featured_media":14334,"template":"","meta":[],"product_brand":[],"product_cat":[29,418,914],"product_tag":[],"class_list":{"0":"post-1797","1":"product","2":"type-product","3":"status-publish","4":"has-post-thumbnail","6":"product_cat-20-jahrhundert","7":"product_cat-masereel","8":"product_cat-zvab","10":"first","11":"instock","12":"purchasable","13":"product-type-simple"},"_links":{"self":[{"href":"https:\/\/antiquariat-steinbach.com\/rarebooks\/wp-json\/wp\/v2\/product\/1797","targetHints":{"allow":["GET"]}}],"collection":[{"href":"https:\/\/antiquariat-steinbach.com\/rarebooks\/wp-json\/wp\/v2\/product"}],"about":[{"href":"https:\/\/antiquariat-steinbach.com\/rarebooks\/wp-json\/wp\/v2\/types\/product"}],"version-history":[{"count":4,"href":"https:\/\/antiquariat-steinbach.com\/rarebooks\/wp-json\/wp\/v2\/product\/1797\/revisions"}],"predecessor-version":[{"id":27662,"href":"https:\/\/antiquariat-steinbach.com\/rarebooks\/wp-json\/wp\/v2\/product\/1797\/revisions\/27662"}],"wp:featuredmedia":[{"embeddable":true,"href":"https:\/\/antiquariat-steinbach.com\/rarebooks\/wp-json\/wp\/v2\/media\/14334"}],"wp:attachment":[{"href":"https:\/\/antiquariat-steinbach.com\/rarebooks\/wp-json\/wp\/v2\/media?parent=1797"}],"wp:term":[{"taxonomy":"product_brand","embeddable":true,"href":"https:\/\/antiquariat-steinbach.com\/rarebooks\/wp-json\/wp\/v2\/product_brand?post=1797"},{"taxonomy":"product_cat","embeddable":true,"href":"https:\/\/antiquariat-steinbach.com\/rarebooks\/wp-json\/wp\/v2\/product_cat?post=1797"},{"taxonomy":"product_tag","embeddable":true,"href":"https:\/\/antiquariat-steinbach.com\/rarebooks\/wp-json\/wp\/v2\/product_tag?post=1797"}],"curies":[{"name":"wp","href":"https:\/\/api.w.org\/{rel}","templated":true}]}}