{"id":17929,"date":"2026-03-12T00:08:09","date_gmt":"2026-03-11T23:08:09","guid":{"rendered":"https:\/\/antiquariat-steinbach.com\/rarebooks\/produkt\/geiger-andreas-1765-1856-modebilder-zur-theaterzeitung-aus-paris-no-647\/"},"modified":"2026-03-12T00:08:09","modified_gmt":"2026-03-11T23:08:09","slug":"geiger-andreas-1765-1856-modebilder-zur-theaterzeitung-aus-paris-no-647","status":"publish","type":"product","link":"https:\/\/antiquariat-steinbach.com\/rarebooks\/produkt\/geiger-andreas-1765-1856-modebilder-zur-theaterzeitung-aus-paris-no-647\/","title":{"rendered":"Geiger, Andreas (1765 &#8211; 1856). &#8211;  Modebilder zur Theaterzeitung (Aus Paris). No. 647"},"content":{"rendered":"<p>Wien,  im Bureau der Theaterzeitung, 1844.<\/p>\n<p>24 : 30 cm. Kolorierter Kupferstich. Unter Passepartout.<\/p>\n<p>80,00 EUR<\/p>\n","protected":false},"excerpt":{"rendered":"<p>Die Wiener Theaterzeitung erschien von 1806 bis 1860 unter verschiedenen Titeln (\u201eWiener Theaterzeitung\u201c, \u201eWiener allgemeine Theaterzeitung\u201c, \u201eWiener allgemeine Theaterzeitung und Unterhaltungsblatt f\u00fcr Freunde der Kunst, Literatur und des geselligen Lebens\u201c, etc.). Allgemein bekannt war sie als \u201eB\u00e4uerles Theaterzeitung\u201c, benannt nach ihrem Gr\u00fcnder und Redakteur Adolf B\u00e4uerle (1786-1859). Thematisch war die Zeitung nicht auf das Theater beschr\u00e4nkt, auch Mode, Musik und Literatur wurden behandelt. Das Theater bildete jedoch den inhaltlichen Schwerpunkt der Publikation und ab 1818 lagen dem Blatt Bildbeilagen mit Schauspielerinnen- und Schauspielerportr\u00e4ts, ab 1826 Szenenbilder als kolorierte Kupferstiche bei. Die verschiedenen Bildfolgen erschienen unter den Titeln \u201eGallerie drolliger und interessanter Scenen\u201c, \u201eTheatralische Bilder-Gallerie\u201c, \u201eCostume Bild zur Theaterzeitung\u201c, \u201eModebilder zur Theaterzeitung\u201c, \u201eSatyrisches Bild\u201c, \u201eRebus. Beilage zur Theaterzeitung\u201c und \u201eBesondere Bilderbeylage zur Theaterzeitung\u201c. &#8211;<\/p>\n","protected":false},"featured_media":17931,"template":"","meta":[],"product_brand":[],"product_cat":[55,121,145,90,914],"product_tag":[],"class_list":{"0":"post-17929","1":"product","2":"type-product","3":"status-publish","4":"has-post-thumbnail","6":"product_cat-fashion","7":"product_cat-mode","8":"product_cat-theater","9":"product_cat-viennensia","10":"product_cat-zvab","12":"first","13":"instock","14":"purchasable","15":"product-type-simple"},"_links":{"self":[{"href":"https:\/\/antiquariat-steinbach.com\/rarebooks\/wp-json\/wp\/v2\/product\/17929","targetHints":{"allow":["GET"]}}],"collection":[{"href":"https:\/\/antiquariat-steinbach.com\/rarebooks\/wp-json\/wp\/v2\/product"}],"about":[{"href":"https:\/\/antiquariat-steinbach.com\/rarebooks\/wp-json\/wp\/v2\/types\/product"}],"version-history":[{"count":2,"href":"https:\/\/antiquariat-steinbach.com\/rarebooks\/wp-json\/wp\/v2\/product\/17929\/revisions"}],"predecessor-version":[{"id":19514,"href":"https:\/\/antiquariat-steinbach.com\/rarebooks\/wp-json\/wp\/v2\/product\/17929\/revisions\/19514"}],"wp:featuredmedia":[{"embeddable":true,"href":"https:\/\/antiquariat-steinbach.com\/rarebooks\/wp-json\/wp\/v2\/media\/17931"}],"wp:attachment":[{"href":"https:\/\/antiquariat-steinbach.com\/rarebooks\/wp-json\/wp\/v2\/media?parent=17929"}],"wp:term":[{"taxonomy":"product_brand","embeddable":true,"href":"https:\/\/antiquariat-steinbach.com\/rarebooks\/wp-json\/wp\/v2\/product_brand?post=17929"},{"taxonomy":"product_cat","embeddable":true,"href":"https:\/\/antiquariat-steinbach.com\/rarebooks\/wp-json\/wp\/v2\/product_cat?post=17929"},{"taxonomy":"product_tag","embeddable":true,"href":"https:\/\/antiquariat-steinbach.com\/rarebooks\/wp-json\/wp\/v2\/product_tag?post=17929"}],"curies":[{"name":"wp","href":"https:\/\/api.w.org\/{rel}","templated":true}]}}