{"id":17894,"date":"2026-03-12T00:06:34","date_gmt":"2026-03-11T23:06:34","guid":{"rendered":"https:\/\/antiquariat-steinbach.com\/rarebooks\/produkt\/filmplakat-die-insel-der-verbotenen-kuessedie-insel-der-verbotenen-kuesse\/"},"modified":"2026-03-12T00:06:35","modified_gmt":"2026-03-11T23:06:35","slug":"filmplakat-die-insel-der-verbotenen-kuesse-die-insel-der-verbotenen-kuesse","status":"publish","type":"product","link":"https:\/\/antiquariat-steinbach.com\/rarebooks\/produkt\/filmplakat-die-insel-der-verbotenen-kuesse-die-insel-der-verbotenen-kuesse\/","title":{"rendered":"Filmplakat &#8211;   Die Insel der verbotenen K\u00fcsse: &#8211;  Die Insel der verbotenen K\u00fcsse."},"content":{"rendered":"<p>Berlin, Kunstanstalt Kr\u00fcger 1926.<\/p>\n<p>140 : 94 cm. Farbige Original-Lithographie von Erich L\u00fctke.<\/p>\n<p>980,00 EUR<\/p>\n","protected":false},"excerpt":{"rendered":"<p>Eindrucksvolles Plakat, auf B\u00e4nken sitzende Liebespaare werden von einem Ordnungsh\u00fcter \u00fcberrascht. Schauspieler waren Jack Trevor, Marietta Millner, Elga Brink u.a. Regie f\u00fchrte Georg Jacoby. &#8211; Seitlich teils mit kleineren, restaurierten Einrissen. Eindrucksvolles Plakat dieses Stummfilms.<\/p>\n","protected":false},"featured_media":0,"template":"","meta":[],"product_brand":[],"product_cat":[197,88,914],"product_tag":[],"class_list":{"0":"post-17894","1":"product","2":"type-product","3":"status-publish","5":"product_cat-film","6":"product_cat-plakate","7":"product_cat-zvab","9":"first","10":"instock","11":"purchasable","12":"product-type-simple"},"_links":{"self":[{"href":"https:\/\/antiquariat-steinbach.com\/rarebooks\/wp-json\/wp\/v2\/product\/17894","targetHints":{"allow":["GET"]}}],"collection":[{"href":"https:\/\/antiquariat-steinbach.com\/rarebooks\/wp-json\/wp\/v2\/product"}],"about":[{"href":"https:\/\/antiquariat-steinbach.com\/rarebooks\/wp-json\/wp\/v2\/types\/product"}],"version-history":[{"count":2,"href":"https:\/\/antiquariat-steinbach.com\/rarebooks\/wp-json\/wp\/v2\/product\/17894\/revisions"}],"predecessor-version":[{"id":19360,"href":"https:\/\/antiquariat-steinbach.com\/rarebooks\/wp-json\/wp\/v2\/product\/17894\/revisions\/19360"}],"wp:attachment":[{"href":"https:\/\/antiquariat-steinbach.com\/rarebooks\/wp-json\/wp\/v2\/media?parent=17894"}],"wp:term":[{"taxonomy":"product_brand","embeddable":true,"href":"https:\/\/antiquariat-steinbach.com\/rarebooks\/wp-json\/wp\/v2\/product_brand?post=17894"},{"taxonomy":"product_cat","embeddable":true,"href":"https:\/\/antiquariat-steinbach.com\/rarebooks\/wp-json\/wp\/v2\/product_cat?post=17894"},{"taxonomy":"product_tag","embeddable":true,"href":"https:\/\/antiquariat-steinbach.com\/rarebooks\/wp-json\/wp\/v2\/product_tag?post=17894"}],"curies":[{"name":"wp","href":"https:\/\/api.w.org\/{rel}","templated":true}]}}