{"id":17873,"date":"2026-03-12T00:00:59","date_gmt":"2026-03-11T23:00:59","guid":{"rendered":"https:\/\/antiquariat-steinbach.com\/rarebooks\/produkt\/baeuerle-adolf-costume-bild-zur-theaterzeitung-no-102-zu-dem-schauspiel-ein-deutscher-krieger\/"},"modified":"2026-03-12T00:01:01","modified_gmt":"2026-03-11T23:01:01","slug":"baeuerle-adolf-costume-bild-zur-theaterzeitung-no-102-zu-dem-schauspiel-ein-deutscher-krieger","status":"publish","type":"product","link":"https:\/\/antiquariat-steinbach.com\/rarebooks\/produkt\/baeuerle-adolf-costume-bild-zur-theaterzeitung-no-102-zu-dem-schauspiel-ein-deutscher-krieger\/","title":{"rendered":"B\u00e4uerle, Adolf. &#8211;  Costume Bild zur Theaterzeitung No. 102 zu dem Schauspiel Ein deutscher Krieger."},"content":{"rendered":"<p>Wien,  im Bureau der Theaterzeitung, 1844.<\/p>\n<p>24 : 30 cm. Kolorierter Kupferstich von Andreas Geiger (1765-1856)  Unter Passepartout.<\/p>\n<p>50,00 EUR<\/p>\n","protected":false},"excerpt":{"rendered":"<p>Herr L\u00f6we als Oberst G\u00f6tze und Dem. Enghaus als Frau von Laroche in dem Schauspiel Ein deutscher Krieger.  &#8211; Die Wiener Theaterzeitung erschien von 1806 bis 1860 unter verschiedenen Titeln (\u201eWiener Theaterzeitung\u201c, \u201eWiener allgemeine Theaterzeitung\u201c, \u201eWiener allgemeine Theaterzeitung und Unterhaltungsblatt f\u00fcr Freunde der Kunst, Literatur und des geselligen Lebens\u201c, etc.). Allgemein bekannt war sie als \u201eB\u00e4uerles Theaterzeitung\u201c, benannt nach ihrem Gr\u00fcnder und Redakteur Adolf B\u00e4uerle (1786-1859). Thematisch war die Zeitung nicht auf das Theater beschr\u00e4nkt, auch Mode, Musik und Literatur wurden behandelt. Das Theater bildete jedoch den inhaltlichen Schwerpunkt der Publikation und ab 1818 lagen dem Blatt Bildbeilagen mit Schauspielerinnen- und Schauspielerportr\u00e4ts, ab 1826 Szenenbilder als kolorierte Kupferstiche bei. Die verschiedenen Bildfolgen erschienen unter den Titeln \u201eGallerie drolliger und interessanter Scenen\u201c, \u201eTheatralische Bilder-Gallerie\u201c, \u201eCostume Bild zur Theaterzeitung\u201c, \u201eModebilder zur Theaterzeitung\u201c, \u201eSatyrisches Bild\u201c, \u201eRebus. Beilage zur Theaterzeitung\u201c und \u201eBesondere Bilderbeylage zur Theaterzeitung\u201c. &#8211; Etwas fleckig und knittrig.<\/p>\n","protected":false},"featured_media":17875,"template":"","meta":[],"product_brand":[],"product_cat":[55,121,145,90,914],"product_tag":[],"class_list":{"0":"post-17873","1":"product","2":"type-product","3":"status-publish","4":"has-post-thumbnail","6":"product_cat-fashion","7":"product_cat-mode","8":"product_cat-theater","9":"product_cat-viennensia","10":"product_cat-zvab","12":"first","13":"instock","14":"purchasable","15":"product-type-simple"},"_links":{"self":[{"href":"https:\/\/antiquariat-steinbach.com\/rarebooks\/wp-json\/wp\/v2\/product\/17873","targetHints":{"allow":["GET"]}}],"collection":[{"href":"https:\/\/antiquariat-steinbach.com\/rarebooks\/wp-json\/wp\/v2\/product"}],"about":[{"href":"https:\/\/antiquariat-steinbach.com\/rarebooks\/wp-json\/wp\/v2\/types\/product"}],"version-history":[{"count":2,"href":"https:\/\/antiquariat-steinbach.com\/rarebooks\/wp-json\/wp\/v2\/product\/17873\/revisions"}],"predecessor-version":[{"id":18604,"href":"https:\/\/antiquariat-steinbach.com\/rarebooks\/wp-json\/wp\/v2\/product\/17873\/revisions\/18604"}],"wp:featuredmedia":[{"embeddable":true,"href":"https:\/\/antiquariat-steinbach.com\/rarebooks\/wp-json\/wp\/v2\/media\/17875"}],"wp:attachment":[{"href":"https:\/\/antiquariat-steinbach.com\/rarebooks\/wp-json\/wp\/v2\/media?parent=17873"}],"wp:term":[{"taxonomy":"product_brand","embeddable":true,"href":"https:\/\/antiquariat-steinbach.com\/rarebooks\/wp-json\/wp\/v2\/product_brand?post=17873"},{"taxonomy":"product_cat","embeddable":true,"href":"https:\/\/antiquariat-steinbach.com\/rarebooks\/wp-json\/wp\/v2\/product_cat?post=17873"},{"taxonomy":"product_tag","embeddable":true,"href":"https:\/\/antiquariat-steinbach.com\/rarebooks\/wp-json\/wp\/v2\/product_tag?post=17873"}],"curies":[{"name":"wp","href":"https:\/\/api.w.org\/{rel}","templated":true}]}}